{"id":10663,"date":"2023-11-15T16:46:31","date_gmt":"2023-11-15T15:46:31","guid":{"rendered":"https:\/\/www.rimocc.com\/?post_type=product&#038;p=10663"},"modified":"2023-11-15T19:28:32","modified_gmt":"2023-11-15T18:28:32","slug":"premier-apk-20x16-10x8-12x8-14x14-2012-black-galaxy","status":"publish","type":"product","link":"https:\/\/www.rimocc.com\/en\/product\/premier-apk-20x16-10x8-12x8-14x14-2012-black-galaxy\/","title":{"rendered":"Premier APK 20&Prime;x16&Prime; 10&Prime;x8&Prime; 12&Prime;x8&Prime; 14&Prime;x14&Prime; (2012) Black Galaxy"},"content":{"rendered":"<p>Comme neuf<br \/>\nTout d&rsquo;origine<br \/>\n2012<br \/>\nFinition Black Galaxy<\/p>\n<p>(enl\u00e8vement sur place privil\u00e9gi\u00e9 mais envoi possible dans toute la France sur devis s\u00e9par\u00e9 \u2013 merci de s\u00e9lectionner l\u2019option retrait sur place et nous vous ferons parvenir un devis s\u00e9par\u00e9 pour la livraison, \u00e0 r\u00e9gler s\u00e9par\u00e9ment)<br \/>\nInternational order, pick-up ONLY<\/p>\n<p>Batterie Rimocc&rsquo; Lyon<\/p>","protected":false},"excerpt":{"rendered":"<p>Comme neuf Tout d&rsquo;origine 2012 Finition Black Galaxy (enl\u00e8vement sur place privil\u00e9gi\u00e9 mais envoi possible dans toute la France sur devis s\u00e9par\u00e9 \u2013 merci de s\u00e9lectionner l\u2019option retrait sur place et nous vous ferons parvenir un devis s\u00e9par\u00e9 pour la livraison, \u00e0 r\u00e9gler s\u00e9par\u00e9ment) International order, pick-up ONLY Batterie Rimocc&rsquo; Lyon<\/p>","protected":false},"featured_media":10652,"comment_status":"open","ping_status":"closed","template":"","meta":{"jetpack_publicize_message":"","jetpack_publicize_feature_enabled":true,"jetpack_social_post_already_shared":false,"jetpack_social_options":{"image_generator_settings":{"template":"highway","default_image_id":0,"font":"","enabled":false},"version":2}},"product_brand":[],"product_cat":[20],"product_tag":[41,274,42,273,272],"class_list":{"0":"post-10663","1":"product","2":"type-product","3":"status-publish","4":"has-post-thumbnail","6":"product_cat-batterie","7":"product_tag-batterie","8":"product_tag-black-galaxy","9":"product_tag-premier","10":"product_tag-premier-apk","11":"product_tag-premier-drums","13":"entry","14":"has-media","16":"first","17":"outofstock","18":"shipping-taxable","19":"purchasable","20":"product-type-simple","21":"has-product-nav","22":"col","23":"span_1_of_3","24":"owp-content-center","25":"owp-thumbs-layout-horizontal","26":"owp-btn-normal","27":"owp-tabs-layout-horizontal"},"yoast_head":"<!-- This site is optimized with the Yoast SEO plugin v27.3 - https:\/\/yoast.com\/product\/yoast-seo-wordpress\/ -->\n<title>Premier APK 20&quot;x16&quot; 10&quot;x8&quot; 12&quot;x8&quot; 14&quot;x14&quot; (2012) Black Galaxy - D\u00e9p\u00f4t Vente Batterie Percussion | Rimocc Lyon<\/title>\n<meta name=\"description\" content=\"F\u00fbts bouleau 6 plis 6.6mm- Finition rhodo\u00efd- Cercles 1.6mm- Support de toms Roklok- Peaux Supersonic Premier\" \/>\n<meta name=\"robots\" content=\"index, follow, max-snippet:-1, max-image-preview:large, max-video-preview:-1\" \/>\n<link rel=\"canonical\" href=\"https:\/\/www.rimocc.com\/en\/product\/premier-apk-20x16-10x8-12x8-14x14-2012-black-galaxy\/\" \/>\n<meta property=\"og:locale\" content=\"en_US\" \/>\n<meta property=\"og:type\" content=\"article\" \/>\n<meta property=\"og:title\" content=\"Premier APK 20&quot;x16&quot; 10&quot;x8&quot; 12&quot;x8&quot; 14&quot;x14&quot; (2012) Black Galaxy - D\u00e9p\u00f4t Vente Batterie Percussion | Rimocc Lyon\" \/>\n<meta property=\"og:description\" content=\"F\u00fbts bouleau 6 plis 6.6mm- Finition rhodo\u00efd- Cercles 1.6mm- Support de toms Roklok- Peaux Supersonic Premier\" \/>\n<meta property=\"og:url\" content=\"https:\/\/www.rimocc.com\/en\/product\/premier-apk-20x16-10x8-12x8-14x14-2012-black-galaxy\/\" \/>\n<meta property=\"og:site_name\" content=\"D\u00e9p\u00f4t Vente Batterie Percussion | Rimocc Lyon\" \/>\n<meta property=\"article:publisher\" content=\"https:\/\/www.facebook.com\/rimocclyon\/?locale=fr_FR\" \/>\n<meta property=\"article:modified_time\" content=\"2023-11-15T18:28:32+00:00\" \/>\n<meta property=\"og:image\" content=\"https:\/\/www.rimocc.com\/wp-content\/uploads\/2023\/11\/Premier-APK-20_x16_-10_x8_-12_x8_-14_x14_-2012-Black-Galaxy-1.jpg\" \/>\n\t<meta property=\"og:image:width\" content=\"1920\" \/>\n\t<meta property=\"og:image:height\" content=\"1920\" \/>\n\t<meta property=\"og:image:type\" content=\"image\/jpeg\" \/>\n<meta name=\"twitter:card\" content=\"summary_large_image\" \/>\n<meta name=\"twitter:label1\" content=\"Est. reading time\" \/>\n\t<meta name=\"twitter:data1\" content=\"1 minute\" \/>\n<script type=\"application\/ld+json\" class=\"yoast-schema-graph\">{\"@context\":\"https:\\\/\\\/schema.org\",\"@graph\":[{\"@type\":\"WebPage\",\"@id\":\"https:\\\/\\\/www.rimocc.com\\\/product\\\/premier-apk-20x16-10x8-12x8-14x14-2012-black-galaxy\\\/\",\"url\":\"https:\\\/\\\/www.rimocc.com\\\/product\\\/premier-apk-20x16-10x8-12x8-14x14-2012-black-galaxy\\\/\",\"name\":\"Premier APK 20\\\"x16\\\" 10\\\"x8\\\" 12\\\"x8\\\" 14\\\"x14\\\" (2012) Black Galaxy - D\u00e9p\u00f4t Vente Batterie Percussion | Rimocc Lyon\",\"isPartOf\":{\"@id\":\"https:\\\/\\\/www.rimocc.com\\\/#website\"},\"primaryImageOfPage\":{\"@id\":\"https:\\\/\\\/www.rimocc.com\\\/product\\\/premier-apk-20x16-10x8-12x8-14x14-2012-black-galaxy\\\/#primaryimage\"},\"image\":{\"@id\":\"https:\\\/\\\/www.rimocc.com\\\/product\\\/premier-apk-20x16-10x8-12x8-14x14-2012-black-galaxy\\\/#primaryimage\"},\"thumbnailUrl\":\"https:\\\/\\\/www.rimocc.com\\\/wp-content\\\/uploads\\\/2023\\\/11\\\/Premier-APK-20_x16_-10_x8_-12_x8_-14_x14_-2012-Black-Galaxy-1.jpg\",\"datePublished\":\"2023-11-15T15:46:31+00:00\",\"dateModified\":\"2023-11-15T18:28:32+00:00\",\"description\":\"F\u00fbts bouleau 6 plis 6.6mm- Finition rhodo\u00efd- Cercles 1.6mm- Support de toms Roklok- Peaux Supersonic Premier\",\"breadcrumb\":{\"@id\":\"https:\\\/\\\/www.rimocc.com\\\/product\\\/premier-apk-20x16-10x8-12x8-14x14-2012-black-galaxy\\\/#breadcrumb\"},\"inLanguage\":\"en-US\",\"potentialAction\":[{\"@type\":\"ReadAction\",\"target\":[\"https:\\\/\\\/www.rimocc.com\\\/product\\\/premier-apk-20x16-10x8-12x8-14x14-2012-black-galaxy\\\/\"]}]},{\"@type\":\"ImageObject\",\"inLanguage\":\"en-US\",\"@id\":\"https:\\\/\\\/www.rimocc.com\\\/product\\\/premier-apk-20x16-10x8-12x8-14x14-2012-black-galaxy\\\/#primaryimage\",\"url\":\"https:\\\/\\\/www.rimocc.com\\\/wp-content\\\/uploads\\\/2023\\\/11\\\/Premier-APK-20_x16_-10_x8_-12_x8_-14_x14_-2012-Black-Galaxy-1.jpg\",\"contentUrl\":\"https:\\\/\\\/www.rimocc.com\\\/wp-content\\\/uploads\\\/2023\\\/11\\\/Premier-APK-20_x16_-10_x8_-12_x8_-14_x14_-2012-Black-Galaxy-1.jpg\",\"width\":1920,\"height\":1920},{\"@type\":\"BreadcrumbList\",\"@id\":\"https:\\\/\\\/www.rimocc.com\\\/product\\\/premier-apk-20x16-10x8-12x8-14x14-2012-black-galaxy\\\/#breadcrumb\",\"itemListElement\":[{\"@type\":\"ListItem\",\"position\":1,\"name\":\"Home\",\"item\":\"https:\\\/\\\/www.rimocc.com\\\/\"},{\"@type\":\"ListItem\",\"position\":2,\"name\":\"Shop\",\"item\":\"https:\\\/\\\/www.rimocc.com\\\/shop\\\/\"},{\"@type\":\"ListItem\",\"position\":3,\"name\":\"Premier APK 20&#8243;x16&#8243; 10&#8243;x8&#8243; 12&#8243;x8&#8243; 14&#8243;x14&#8243; (2012) Black Galaxy\"}]},{\"@type\":\"WebSite\",\"@id\":\"https:\\\/\\\/www.rimocc.com\\\/#website\",\"url\":\"https:\\\/\\\/www.rimocc.com\\\/\",\"name\":\"D\u00e9p\u00f4t Vente Batterie Percussion | Rimocc Lyon\",\"description\":\"Rimocc: l&#039;unique magasin d\u00e9di\u00e9 enti\u00e8rement \u00e0 la batterie, percussion d&#039;occasion et vintage \u00e0 Lyon, France\",\"publisher\":{\"@id\":\"https:\\\/\\\/www.rimocc.com\\\/#organization\"},\"alternateName\":\"Rimocc'\",\"potentialAction\":[{\"@type\":\"SearchAction\",\"target\":{\"@type\":\"EntryPoint\",\"urlTemplate\":\"https:\\\/\\\/www.rimocc.com\\\/?s={search_term_string}\"},\"query-input\":{\"@type\":\"PropertyValueSpecification\",\"valueRequired\":true,\"valueName\":\"search_term_string\"}}],\"inLanguage\":\"en-US\"},{\"@type\":\"Organization\",\"@id\":\"https:\\\/\\\/www.rimocc.com\\\/#organization\",\"name\":\"Rimocc'\",\"alternateName\":\"Rimocc\",\"url\":\"https:\\\/\\\/www.rimocc.com\\\/\",\"logo\":{\"@type\":\"ImageObject\",\"inLanguage\":\"en-US\",\"@id\":\"https:\\\/\\\/www.rimocc.com\\\/#\\\/schema\\\/logo\\\/image\\\/\",\"url\":\"https:\\\/\\\/i0.wp.com\\\/www.rimocc.com\\\/wp-content\\\/uploads\\\/2023\\\/07\\\/RIMOCC_LOGO.jpg?fit=459%2C114&ssl=1\",\"contentUrl\":\"https:\\\/\\\/i0.wp.com\\\/www.rimocc.com\\\/wp-content\\\/uploads\\\/2023\\\/07\\\/RIMOCC_LOGO.jpg?fit=459%2C114&ssl=1\",\"width\":459,\"height\":114,\"caption\":\"Rimocc'\"},\"image\":{\"@id\":\"https:\\\/\\\/www.rimocc.com\\\/#\\\/schema\\\/logo\\\/image\\\/\"},\"sameAs\":[\"https:\\\/\\\/www.facebook.com\\\/rimocclyon\\\/?locale=fr_FR\",\"https:\\\/\\\/www.instagram.com\\\/rimoccc\\\/?hl=fr\",\"https:\\\/\\\/www.tiktok.com\\\/@rimocc\",\"https:\\\/\\\/www.youtube.com\\\/@Rimocc\"]}]}<\/script>\n<!-- \/ Yoast SEO plugin. -->","yoast_head_json":{"title":"Premier APK 20\"x16\" 10\"x8\" 12\"x8\" 14\"x14\" (2012) Black Galaxy - D\u00e9p\u00f4t Vente Batterie Percussion | Rimocc Lyon","description":"F\u00fbts bouleau 6 plis 6.6mm- Finition rhodo\u00efd- Cercles 1.6mm- Support de toms Roklok- Peaux Supersonic Premier","robots":{"index":"index","follow":"follow","max-snippet":"max-snippet:-1","max-image-preview":"max-image-preview:large","max-video-preview":"max-video-preview:-1"},"canonical":"https:\/\/www.rimocc.com\/en\/product\/premier-apk-20x16-10x8-12x8-14x14-2012-black-galaxy\/","og_locale":"en_US","og_type":"article","og_title":"Premier APK 20\"x16\" 10\"x8\" 12\"x8\" 14\"x14\" (2012) Black Galaxy - D\u00e9p\u00f4t Vente Batterie Percussion | Rimocc Lyon","og_description":"F\u00fbts bouleau 6 plis 6.6mm- Finition rhodo\u00efd- Cercles 1.6mm- Support de toms Roklok- Peaux Supersonic Premier","og_url":"https:\/\/www.rimocc.com\/en\/product\/premier-apk-20x16-10x8-12x8-14x14-2012-black-galaxy\/","og_site_name":"D\u00e9p\u00f4t Vente Batterie Percussion | Rimocc Lyon","article_publisher":"https:\/\/www.facebook.com\/rimocclyon\/?locale=fr_FR","article_modified_time":"2023-11-15T18:28:32+00:00","og_image":[{"width":1920,"height":1920,"url":"https:\/\/www.rimocc.com\/wp-content\/uploads\/2023\/11\/Premier-APK-20_x16_-10_x8_-12_x8_-14_x14_-2012-Black-Galaxy-1.jpg","type":"image\/jpeg"}],"twitter_card":"summary_large_image","twitter_misc":{"Est. reading time":"1 minute"},"schema":{"@context":"https:\/\/schema.org","@graph":[{"@type":"WebPage","@id":"https:\/\/www.rimocc.com\/product\/premier-apk-20x16-10x8-12x8-14x14-2012-black-galaxy\/","url":"https:\/\/www.rimocc.com\/product\/premier-apk-20x16-10x8-12x8-14x14-2012-black-galaxy\/","name":"Premier APK 20\"x16\" 10\"x8\" 12\"x8\" 14\"x14\" (2012) Black Galaxy - D\u00e9p\u00f4t Vente Batterie Percussion | Rimocc Lyon","isPartOf":{"@id":"https:\/\/www.rimocc.com\/#website"},"primaryImageOfPage":{"@id":"https:\/\/www.rimocc.com\/product\/premier-apk-20x16-10x8-12x8-14x14-2012-black-galaxy\/#primaryimage"},"image":{"@id":"https:\/\/www.rimocc.com\/product\/premier-apk-20x16-10x8-12x8-14x14-2012-black-galaxy\/#primaryimage"},"thumbnailUrl":"https:\/\/www.rimocc.com\/wp-content\/uploads\/2023\/11\/Premier-APK-20_x16_-10_x8_-12_x8_-14_x14_-2012-Black-Galaxy-1.jpg","datePublished":"2023-11-15T15:46:31+00:00","dateModified":"2023-11-15T18:28:32+00:00","description":"F\u00fbts bouleau 6 plis 6.6mm- Finition rhodo\u00efd- Cercles 1.6mm- Support de toms Roklok- Peaux Supersonic Premier","breadcrumb":{"@id":"https:\/\/www.rimocc.com\/product\/premier-apk-20x16-10x8-12x8-14x14-2012-black-galaxy\/#breadcrumb"},"inLanguage":"en-US","potentialAction":[{"@type":"ReadAction","target":["https:\/\/www.rimocc.com\/product\/premier-apk-20x16-10x8-12x8-14x14-2012-black-galaxy\/"]}]},{"@type":"ImageObject","inLanguage":"en-US","@id":"https:\/\/www.rimocc.com\/product\/premier-apk-20x16-10x8-12x8-14x14-2012-black-galaxy\/#primaryimage","url":"https:\/\/www.rimocc.com\/wp-content\/uploads\/2023\/11\/Premier-APK-20_x16_-10_x8_-12_x8_-14_x14_-2012-Black-Galaxy-1.jpg","contentUrl":"https:\/\/www.rimocc.com\/wp-content\/uploads\/2023\/11\/Premier-APK-20_x16_-10_x8_-12_x8_-14_x14_-2012-Black-Galaxy-1.jpg","width":1920,"height":1920},{"@type":"BreadcrumbList","@id":"https:\/\/www.rimocc.com\/product\/premier-apk-20x16-10x8-12x8-14x14-2012-black-galaxy\/#breadcrumb","itemListElement":[{"@type":"ListItem","position":1,"name":"Home","item":"https:\/\/www.rimocc.com\/"},{"@type":"ListItem","position":2,"name":"Shop","item":"https:\/\/www.rimocc.com\/shop\/"},{"@type":"ListItem","position":3,"name":"Premier APK 20&#8243;x16&#8243; 10&#8243;x8&#8243; 12&#8243;x8&#8243; 14&#8243;x14&#8243; (2012) Black Galaxy"}]},{"@type":"WebSite","@id":"https:\/\/www.rimocc.com\/#website","url":"https:\/\/www.rimocc.com\/","name":"D\u00e9p\u00f4t Vente Batterie Percussion | Rimocc Lyon","description":"Rimocc: l&#039;unique magasin d\u00e9di\u00e9 enti\u00e8rement \u00e0 la batterie, percussion d&#039;occasion et vintage \u00e0 Lyon, France","publisher":{"@id":"https:\/\/www.rimocc.com\/#organization"},"alternateName":"Rimocc'","potentialAction":[{"@type":"SearchAction","target":{"@type":"EntryPoint","urlTemplate":"https:\/\/www.rimocc.com\/?s={search_term_string}"},"query-input":{"@type":"PropertyValueSpecification","valueRequired":true,"valueName":"search_term_string"}}],"inLanguage":"en-US"},{"@type":"Organization","@id":"https:\/\/www.rimocc.com\/#organization","name":"Rimocc'","alternateName":"Rimocc","url":"https:\/\/www.rimocc.com\/","logo":{"@type":"ImageObject","inLanguage":"en-US","@id":"https:\/\/www.rimocc.com\/#\/schema\/logo\/image\/","url":"https:\/\/i0.wp.com\/www.rimocc.com\/wp-content\/uploads\/2023\/07\/RIMOCC_LOGO.jpg?fit=459%2C114&ssl=1","contentUrl":"https:\/\/i0.wp.com\/www.rimocc.com\/wp-content\/uploads\/2023\/07\/RIMOCC_LOGO.jpg?fit=459%2C114&ssl=1","width":459,"height":114,"caption":"Rimocc'"},"image":{"@id":"https:\/\/www.rimocc.com\/#\/schema\/logo\/image\/"},"sameAs":["https:\/\/www.facebook.com\/rimocclyon\/?locale=fr_FR","https:\/\/www.instagram.com\/rimoccc\/?hl=fr","https:\/\/www.tiktok.com\/@rimocc","https:\/\/www.youtube.com\/@Rimocc"]}]}},"jetpack_publicize_connections":[],"jetpack_sharing_enabled":true,"_links":{"self":[{"href":"https:\/\/www.rimocc.com\/en\/wp-json\/wp\/v2\/product\/10663","targetHints":{"allow":["GET"]}}],"collection":[{"href":"https:\/\/www.rimocc.com\/en\/wp-json\/wp\/v2\/product"}],"about":[{"href":"https:\/\/www.rimocc.com\/en\/wp-json\/wp\/v2\/types\/product"}],"replies":[{"embeddable":true,"href":"https:\/\/www.rimocc.com\/en\/wp-json\/wp\/v2\/comments?post=10663"}],"wp:featuredmedia":[{"embeddable":true,"href":"https:\/\/www.rimocc.com\/en\/wp-json\/wp\/v2\/media\/10652"}],"wp:attachment":[{"href":"https:\/\/www.rimocc.com\/en\/wp-json\/wp\/v2\/media?parent=10663"}],"wp:term":[{"taxonomy":"product_brand","embeddable":true,"href":"https:\/\/www.rimocc.com\/en\/wp-json\/wp\/v2\/product_brand?post=10663"},{"taxonomy":"product_cat","embeddable":true,"href":"https:\/\/www.rimocc.com\/en\/wp-json\/wp\/v2\/product_cat?post=10663"},{"taxonomy":"product_tag","embeddable":true,"href":"https:\/\/www.rimocc.com\/en\/wp-json\/wp\/v2\/product_tag?post=10663"}],"curies":[{"name":"wp","href":"https:\/\/api.w.org\/{rel}","templated":true}]}}