{"id":10484,"date":"2023-11-02T15:43:21","date_gmt":"2023-11-02T14:43:21","guid":{"rendered":"https:\/\/www.rimocc.com\/?post_type=product&#038;p=10484"},"modified":"2024-02-28T10:46:11","modified_gmt":"2024-02-28T09:46:11","slug":"gretsch-renown-maple-studio-10x7-12x8-14x14-20x16-satin-tobacco-burst","status":"publish","type":"product","link":"https:\/\/www.rimocc.com\/en\/product\/gretsch-renown-maple-studio-10x7-12x8-14x14-20x16-satin-tobacco-burst\/","title":{"rendered":"Gretsch Renown Maple Studio 10&Prime;x7&Prime;  12&Prime;x8&Prime;  14&Prime;x14&Prime;  20&Prime;x16&Prime;  Satin Tobacco Burst"},"content":{"rendered":"<p>Comme neuve, tr\u00e8s peu jou\u00e9e<br \/>\nF\u00fbts en \u00e9rable 7 plis<br \/>\nChanfreins \u00e0 30\u00b0<br \/>\nRev\u00eatement int\u00e9rieur argent \u00ab\u00a0Silver Sealer\u00a0\u00bb toms\/stand tom<\/p>\n<p>(enl\u00e8vement sur place privil\u00e9gi\u00e9 mais envoi possible dans toute la France sur devis s\u00e9par\u00e9 \u2013 merci de s\u00e9lectionner l\u2019option retrait sur place et nous vous ferons parvenir un devis s\u00e9par\u00e9 pour la livraison, \u00e0 r\u00e9gler s\u00e9par\u00e9ment)<br \/>\nInternational order, pick-up ONLY<\/p>\n<p>Batterie Rimocc&rsquo; Lyon<\/p>","protected":false},"excerpt":{"rendered":"<p>Comme neuve, tr\u00e8s peu jou\u00e9e F\u00fbts en \u00e9rable 7 plis Chanfreins \u00e0 30\u00b0 Rev\u00eatement int\u00e9rieur argent \u00ab\u00a0Silver Sealer\u00a0\u00bb toms\/stand tom (enl\u00e8vement sur place privil\u00e9gi\u00e9 mais envoi possible dans toute la France sur devis s\u00e9par\u00e9 \u2013 merci de s\u00e9lectionner l\u2019option retrait sur place et nous vous ferons parvenir un devis s\u00e9par\u00e9 pour la livraison, \u00e0 r\u00e9gler [&hellip;]<\/p>\n","protected":false},"featured_media":10475,"comment_status":"open","ping_status":"closed","template":"","meta":{"jetpack_publicize_message":"","jetpack_publicize_feature_enabled":true,"jetpack_social_post_already_shared":false,"jetpack_social_options":{"image_generator_settings":{"template":"highway","default_image_id":0,"font":"","enabled":false},"version":2}},"product_brand":[],"product_cat":[20],"product_tag":[41,46,66],"class_list":{"0":"post-10484","1":"product","2":"type-product","3":"status-publish","4":"has-post-thumbnail","6":"product_cat-batterie","7":"product_tag-batterie","8":"product_tag-gretsch","9":"product_tag-gretsch-renown-maple","11":"entry","12":"has-media","14":"first","15":"outofstock","16":"shipping-taxable","17":"purchasable","18":"product-type-simple","19":"has-product-nav","20":"col","21":"span_1_of_3","22":"owp-content-center","23":"owp-thumbs-layout-horizontal","24":"owp-btn-normal","25":"owp-tabs-layout-horizontal"},"yoast_head":"<!-- This site is optimized with the Yoast SEO plugin v27.4 - https:\/\/yoast.com\/product\/yoast-seo-wordpress\/ -->\n<title>Gretsch Renown Maple Studio 10&quot;x7&quot; 12&quot;x8&quot; 14&quot;x14&quot; 20&quot;x16&quot; Satin Tobacco Burst - D\u00e9p\u00f4t Vente Batterie Percussion | Rimocc Lyon<\/title>\n<meta name=\"description\" content=\"F\u00fbts en \u00e9rable 7 plis Chanfreins \u00e0 30\u00b0 Rev\u00eatement int\u00e9rieur argent &quot;Silver Sealer&quot; toms\/stand tom\" \/>\n<meta name=\"robots\" content=\"index, follow, max-snippet:-1, max-image-preview:large, max-video-preview:-1\" \/>\n<link rel=\"canonical\" href=\"https:\/\/www.rimocc.com\/en\/product\/gretsch-renown-maple-studio-10x7-12x8-14x14-20x16-satin-tobacco-burst\/\" \/>\n<meta property=\"og:locale\" content=\"en_US\" \/>\n<meta property=\"og:type\" content=\"article\" \/>\n<meta property=\"og:title\" content=\"Gretsch Renown Maple Studio 10&quot;x7&quot; 12&quot;x8&quot; 14&quot;x14&quot; 20&quot;x16&quot; Satin Tobacco Burst - D\u00e9p\u00f4t Vente Batterie Percussion | Rimocc Lyon\" \/>\n<meta property=\"og:description\" content=\"F\u00fbts en \u00e9rable 7 plis Chanfreins \u00e0 30\u00b0 Rev\u00eatement int\u00e9rieur argent &quot;Silver Sealer&quot; toms\/stand tom\" \/>\n<meta property=\"og:url\" content=\"https:\/\/www.rimocc.com\/en\/product\/gretsch-renown-maple-studio-10x7-12x8-14x14-20x16-satin-tobacco-burst\/\" \/>\n<meta property=\"og:site_name\" content=\"D\u00e9p\u00f4t Vente Batterie Percussion | Rimocc Lyon\" \/>\n<meta property=\"article:publisher\" content=\"https:\/\/www.facebook.com\/rimocclyon\/?locale=fr_FR\" \/>\n<meta property=\"article:modified_time\" content=\"2024-02-28T09:46:11+00:00\" \/>\n<meta property=\"og:image\" content=\"https:\/\/www.rimocc.com\/wp-content\/uploads\/2023\/11\/Gretsch-Renown-Maple-Studio-10_x7_-12_x8_-14_x14_-20_x16_-Satin-Tobacco-Burst-1.jpg\" \/>\n\t<meta property=\"og:image:width\" content=\"1920\" \/>\n\t<meta property=\"og:image:height\" content=\"1920\" \/>\n\t<meta property=\"og:image:type\" content=\"image\/jpeg\" \/>\n<meta name=\"twitter:card\" content=\"summary_large_image\" \/>\n<meta name=\"twitter:label1\" content=\"Est. reading time\" \/>\n\t<meta name=\"twitter:data1\" content=\"1 minute\" \/>\n<script type=\"application\/ld+json\" class=\"yoast-schema-graph\">{\"@context\":\"https:\\\/\\\/schema.org\",\"@graph\":[{\"@type\":\"WebPage\",\"@id\":\"https:\\\/\\\/www.rimocc.com\\\/product\\\/gretsch-renown-maple-studio-10x7-12x8-14x14-20x16-satin-tobacco-burst\\\/\",\"url\":\"https:\\\/\\\/www.rimocc.com\\\/product\\\/gretsch-renown-maple-studio-10x7-12x8-14x14-20x16-satin-tobacco-burst\\\/\",\"name\":\"Gretsch Renown Maple Studio 10\\\"x7\\\" 12\\\"x8\\\" 14\\\"x14\\\" 20\\\"x16\\\" Satin Tobacco Burst - D\u00e9p\u00f4t Vente Batterie Percussion | Rimocc Lyon\",\"isPartOf\":{\"@id\":\"https:\\\/\\\/www.rimocc.com\\\/#website\"},\"primaryImageOfPage\":{\"@id\":\"https:\\\/\\\/www.rimocc.com\\\/product\\\/gretsch-renown-maple-studio-10x7-12x8-14x14-20x16-satin-tobacco-burst\\\/#primaryimage\"},\"image\":{\"@id\":\"https:\\\/\\\/www.rimocc.com\\\/product\\\/gretsch-renown-maple-studio-10x7-12x8-14x14-20x16-satin-tobacco-burst\\\/#primaryimage\"},\"thumbnailUrl\":\"https:\\\/\\\/www.rimocc.com\\\/wp-content\\\/uploads\\\/2023\\\/11\\\/Gretsch-Renown-Maple-Studio-10_x7_-12_x8_-14_x14_-20_x16_-Satin-Tobacco-Burst-1.jpg\",\"datePublished\":\"2023-11-02T14:43:21+00:00\",\"dateModified\":\"2024-02-28T09:46:11+00:00\",\"description\":\"F\u00fbts en \u00e9rable 7 plis Chanfreins \u00e0 30\u00b0 Rev\u00eatement int\u00e9rieur argent \\\"Silver Sealer\\\" toms\\\/stand tom\",\"breadcrumb\":{\"@id\":\"https:\\\/\\\/www.rimocc.com\\\/product\\\/gretsch-renown-maple-studio-10x7-12x8-14x14-20x16-satin-tobacco-burst\\\/#breadcrumb\"},\"inLanguage\":\"en-US\",\"potentialAction\":[{\"@type\":\"ReadAction\",\"target\":[\"https:\\\/\\\/www.rimocc.com\\\/product\\\/gretsch-renown-maple-studio-10x7-12x8-14x14-20x16-satin-tobacco-burst\\\/\"]}]},{\"@type\":\"ImageObject\",\"inLanguage\":\"en-US\",\"@id\":\"https:\\\/\\\/www.rimocc.com\\\/product\\\/gretsch-renown-maple-studio-10x7-12x8-14x14-20x16-satin-tobacco-burst\\\/#primaryimage\",\"url\":\"https:\\\/\\\/www.rimocc.com\\\/wp-content\\\/uploads\\\/2023\\\/11\\\/Gretsch-Renown-Maple-Studio-10_x7_-12_x8_-14_x14_-20_x16_-Satin-Tobacco-Burst-1.jpg\",\"contentUrl\":\"https:\\\/\\\/www.rimocc.com\\\/wp-content\\\/uploads\\\/2023\\\/11\\\/Gretsch-Renown-Maple-Studio-10_x7_-12_x8_-14_x14_-20_x16_-Satin-Tobacco-Burst-1.jpg\",\"width\":1920,\"height\":1920,\"caption\":\"Gretsch Renown Maple Studio 10\\\"x7\\\" 12\\\"x8\\\" 14\\\"x14\\\" 20\\\"x16\\\" Satin Tobacco Burst\"},{\"@type\":\"BreadcrumbList\",\"@id\":\"https:\\\/\\\/www.rimocc.com\\\/product\\\/gretsch-renown-maple-studio-10x7-12x8-14x14-20x16-satin-tobacco-burst\\\/#breadcrumb\",\"itemListElement\":[{\"@type\":\"ListItem\",\"position\":1,\"name\":\"Home\",\"item\":\"https:\\\/\\\/www.rimocc.com\\\/\"},{\"@type\":\"ListItem\",\"position\":2,\"name\":\"Shop\",\"item\":\"https:\\\/\\\/www.rimocc.com\\\/shop\\\/\"},{\"@type\":\"ListItem\",\"position\":3,\"name\":\"Gretsch Renown Maple Studio 10&#8243;x7&#8243; 12&#8243;x8&#8243; 14&#8243;x14&#8243; 20&#8243;x16&#8243; Satin Tobacco Burst\"}]},{\"@type\":\"WebSite\",\"@id\":\"https:\\\/\\\/www.rimocc.com\\\/#website\",\"url\":\"https:\\\/\\\/www.rimocc.com\\\/\",\"name\":\"D\u00e9p\u00f4t Vente Batterie Percussion | Rimocc Lyon\",\"description\":\"Rimocc: l&#039;unique magasin d\u00e9di\u00e9 enti\u00e8rement \u00e0 la batterie, percussion d&#039;occasion et vintage \u00e0 Lyon, France\",\"publisher\":{\"@id\":\"https:\\\/\\\/www.rimocc.com\\\/#organization\"},\"alternateName\":\"Rimocc'\",\"potentialAction\":[{\"@type\":\"SearchAction\",\"target\":{\"@type\":\"EntryPoint\",\"urlTemplate\":\"https:\\\/\\\/www.rimocc.com\\\/?s={search_term_string}\"},\"query-input\":{\"@type\":\"PropertyValueSpecification\",\"valueRequired\":true,\"valueName\":\"search_term_string\"}}],\"inLanguage\":\"en-US\"},{\"@type\":\"Organization\",\"@id\":\"https:\\\/\\\/www.rimocc.com\\\/#organization\",\"name\":\"Rimocc'\",\"alternateName\":\"Rimocc\",\"url\":\"https:\\\/\\\/www.rimocc.com\\\/\",\"logo\":{\"@type\":\"ImageObject\",\"inLanguage\":\"en-US\",\"@id\":\"https:\\\/\\\/www.rimocc.com\\\/#\\\/schema\\\/logo\\\/image\\\/\",\"url\":\"https:\\\/\\\/i0.wp.com\\\/www.rimocc.com\\\/wp-content\\\/uploads\\\/2023\\\/07\\\/RIMOCC_LOGO.jpg?fit=459%2C114&ssl=1\",\"contentUrl\":\"https:\\\/\\\/i0.wp.com\\\/www.rimocc.com\\\/wp-content\\\/uploads\\\/2023\\\/07\\\/RIMOCC_LOGO.jpg?fit=459%2C114&ssl=1\",\"width\":459,\"height\":114,\"caption\":\"Rimocc'\"},\"image\":{\"@id\":\"https:\\\/\\\/www.rimocc.com\\\/#\\\/schema\\\/logo\\\/image\\\/\"},\"sameAs\":[\"https:\\\/\\\/www.facebook.com\\\/rimocclyon\\\/?locale=fr_FR\",\"https:\\\/\\\/www.instagram.com\\\/rimoccc\\\/?hl=fr\",\"https:\\\/\\\/www.tiktok.com\\\/@rimocc\",\"https:\\\/\\\/www.youtube.com\\\/@Rimocc\"]}]}<\/script>\n<!-- \/ Yoast SEO plugin. -->","yoast_head_json":{"title":"Gretsch Renown Maple Studio 10\"x7\" 12\"x8\" 14\"x14\" 20\"x16\" Satin Tobacco Burst - D\u00e9p\u00f4t Vente Batterie Percussion | Rimocc Lyon","description":"F\u00fbts en \u00e9rable 7 plis Chanfreins \u00e0 30\u00b0 Rev\u00eatement int\u00e9rieur argent \"Silver Sealer\" toms\/stand tom","robots":{"index":"index","follow":"follow","max-snippet":"max-snippet:-1","max-image-preview":"max-image-preview:large","max-video-preview":"max-video-preview:-1"},"canonical":"https:\/\/www.rimocc.com\/en\/product\/gretsch-renown-maple-studio-10x7-12x8-14x14-20x16-satin-tobacco-burst\/","og_locale":"en_US","og_type":"article","og_title":"Gretsch Renown Maple Studio 10\"x7\" 12\"x8\" 14\"x14\" 20\"x16\" Satin Tobacco Burst - D\u00e9p\u00f4t Vente Batterie Percussion | Rimocc Lyon","og_description":"F\u00fbts en \u00e9rable 7 plis Chanfreins \u00e0 30\u00b0 Rev\u00eatement int\u00e9rieur argent \"Silver Sealer\" toms\/stand tom","og_url":"https:\/\/www.rimocc.com\/en\/product\/gretsch-renown-maple-studio-10x7-12x8-14x14-20x16-satin-tobacco-burst\/","og_site_name":"D\u00e9p\u00f4t Vente Batterie Percussion | Rimocc Lyon","article_publisher":"https:\/\/www.facebook.com\/rimocclyon\/?locale=fr_FR","article_modified_time":"2024-02-28T09:46:11+00:00","og_image":[{"width":1920,"height":1920,"url":"https:\/\/www.rimocc.com\/wp-content\/uploads\/2023\/11\/Gretsch-Renown-Maple-Studio-10_x7_-12_x8_-14_x14_-20_x16_-Satin-Tobacco-Burst-1.jpg","type":"image\/jpeg"}],"twitter_card":"summary_large_image","twitter_misc":{"Est. reading time":"1 minute"},"schema":{"@context":"https:\/\/schema.org","@graph":[{"@type":"WebPage","@id":"https:\/\/www.rimocc.com\/product\/gretsch-renown-maple-studio-10x7-12x8-14x14-20x16-satin-tobacco-burst\/","url":"https:\/\/www.rimocc.com\/product\/gretsch-renown-maple-studio-10x7-12x8-14x14-20x16-satin-tobacco-burst\/","name":"Gretsch Renown Maple Studio 10\"x7\" 12\"x8\" 14\"x14\" 20\"x16\" Satin Tobacco Burst - D\u00e9p\u00f4t Vente Batterie Percussion | Rimocc Lyon","isPartOf":{"@id":"https:\/\/www.rimocc.com\/#website"},"primaryImageOfPage":{"@id":"https:\/\/www.rimocc.com\/product\/gretsch-renown-maple-studio-10x7-12x8-14x14-20x16-satin-tobacco-burst\/#primaryimage"},"image":{"@id":"https:\/\/www.rimocc.com\/product\/gretsch-renown-maple-studio-10x7-12x8-14x14-20x16-satin-tobacco-burst\/#primaryimage"},"thumbnailUrl":"https:\/\/www.rimocc.com\/wp-content\/uploads\/2023\/11\/Gretsch-Renown-Maple-Studio-10_x7_-12_x8_-14_x14_-20_x16_-Satin-Tobacco-Burst-1.jpg","datePublished":"2023-11-02T14:43:21+00:00","dateModified":"2024-02-28T09:46:11+00:00","description":"F\u00fbts en \u00e9rable 7 plis Chanfreins \u00e0 30\u00b0 Rev\u00eatement int\u00e9rieur argent \"Silver Sealer\" toms\/stand tom","breadcrumb":{"@id":"https:\/\/www.rimocc.com\/product\/gretsch-renown-maple-studio-10x7-12x8-14x14-20x16-satin-tobacco-burst\/#breadcrumb"},"inLanguage":"en-US","potentialAction":[{"@type":"ReadAction","target":["https:\/\/www.rimocc.com\/product\/gretsch-renown-maple-studio-10x7-12x8-14x14-20x16-satin-tobacco-burst\/"]}]},{"@type":"ImageObject","inLanguage":"en-US","@id":"https:\/\/www.rimocc.com\/product\/gretsch-renown-maple-studio-10x7-12x8-14x14-20x16-satin-tobacco-burst\/#primaryimage","url":"https:\/\/www.rimocc.com\/wp-content\/uploads\/2023\/11\/Gretsch-Renown-Maple-Studio-10_x7_-12_x8_-14_x14_-20_x16_-Satin-Tobacco-Burst-1.jpg","contentUrl":"https:\/\/www.rimocc.com\/wp-content\/uploads\/2023\/11\/Gretsch-Renown-Maple-Studio-10_x7_-12_x8_-14_x14_-20_x16_-Satin-Tobacco-Burst-1.jpg","width":1920,"height":1920,"caption":"Gretsch Renown Maple Studio 10\"x7\" 12\"x8\" 14\"x14\" 20\"x16\" Satin Tobacco Burst"},{"@type":"BreadcrumbList","@id":"https:\/\/www.rimocc.com\/product\/gretsch-renown-maple-studio-10x7-12x8-14x14-20x16-satin-tobacco-burst\/#breadcrumb","itemListElement":[{"@type":"ListItem","position":1,"name":"Home","item":"https:\/\/www.rimocc.com\/"},{"@type":"ListItem","position":2,"name":"Shop","item":"https:\/\/www.rimocc.com\/shop\/"},{"@type":"ListItem","position":3,"name":"Gretsch Renown Maple Studio 10&#8243;x7&#8243; 12&#8243;x8&#8243; 14&#8243;x14&#8243; 20&#8243;x16&#8243; Satin Tobacco Burst"}]},{"@type":"WebSite","@id":"https:\/\/www.rimocc.com\/#website","url":"https:\/\/www.rimocc.com\/","name":"D\u00e9p\u00f4t Vente Batterie Percussion | Rimocc Lyon","description":"Rimocc: l&#039;unique magasin d\u00e9di\u00e9 enti\u00e8rement \u00e0 la batterie, percussion d&#039;occasion et vintage \u00e0 Lyon, France","publisher":{"@id":"https:\/\/www.rimocc.com\/#organization"},"alternateName":"Rimocc'","potentialAction":[{"@type":"SearchAction","target":{"@type":"EntryPoint","urlTemplate":"https:\/\/www.rimocc.com\/?s={search_term_string}"},"query-input":{"@type":"PropertyValueSpecification","valueRequired":true,"valueName":"search_term_string"}}],"inLanguage":"en-US"},{"@type":"Organization","@id":"https:\/\/www.rimocc.com\/#organization","name":"Rimocc'","alternateName":"Rimocc","url":"https:\/\/www.rimocc.com\/","logo":{"@type":"ImageObject","inLanguage":"en-US","@id":"https:\/\/www.rimocc.com\/#\/schema\/logo\/image\/","url":"https:\/\/i0.wp.com\/www.rimocc.com\/wp-content\/uploads\/2023\/07\/RIMOCC_LOGO.jpg?fit=459%2C114&ssl=1","contentUrl":"https:\/\/i0.wp.com\/www.rimocc.com\/wp-content\/uploads\/2023\/07\/RIMOCC_LOGO.jpg?fit=459%2C114&ssl=1","width":459,"height":114,"caption":"Rimocc'"},"image":{"@id":"https:\/\/www.rimocc.com\/#\/schema\/logo\/image\/"},"sameAs":["https:\/\/www.facebook.com\/rimocclyon\/?locale=fr_FR","https:\/\/www.instagram.com\/rimoccc\/?hl=fr","https:\/\/www.tiktok.com\/@rimocc","https:\/\/www.youtube.com\/@Rimocc"]}]}},"jetpack_publicize_connections":[],"jetpack_sharing_enabled":true,"_links":{"self":[{"href":"https:\/\/www.rimocc.com\/en\/wp-json\/wp\/v2\/product\/10484","targetHints":{"allow":["GET"]}}],"collection":[{"href":"https:\/\/www.rimocc.com\/en\/wp-json\/wp\/v2\/product"}],"about":[{"href":"https:\/\/www.rimocc.com\/en\/wp-json\/wp\/v2\/types\/product"}],"replies":[{"embeddable":true,"href":"https:\/\/www.rimocc.com\/en\/wp-json\/wp\/v2\/comments?post=10484"}],"wp:featuredmedia":[{"embeddable":true,"href":"https:\/\/www.rimocc.com\/en\/wp-json\/wp\/v2\/media\/10475"}],"wp:attachment":[{"href":"https:\/\/www.rimocc.com\/en\/wp-json\/wp\/v2\/media?parent=10484"}],"wp:term":[{"taxonomy":"product_brand","embeddable":true,"href":"https:\/\/www.rimocc.com\/en\/wp-json\/wp\/v2\/product_brand?post=10484"},{"taxonomy":"product_cat","embeddable":true,"href":"https:\/\/www.rimocc.com\/en\/wp-json\/wp\/v2\/product_cat?post=10484"},{"taxonomy":"product_tag","embeddable":true,"href":"https:\/\/www.rimocc.com\/en\/wp-json\/wp\/v2\/product_tag?post=10484"}],"curies":[{"name":"wp","href":"https:\/\/api.w.org\/{rel}","templated":true}]}}