{"id":10256,"date":"2023-10-04T17:46:02","date_gmt":"2023-10-04T15:46:02","guid":{"rendered":"https:\/\/www.rimocc.com\/?post_type=product&#038;p=10256"},"modified":"2023-11-22T17:22:30","modified_gmt":"2023-11-22T16:22:30","slug":"premier-artist-birch-20x16-10x8-12x9-14x14","status":"publish","type":"product","link":"https:\/\/www.rimocc.com\/en\/product\/premier-artist-birch-20x16-10x8-12x9-14x14\/","title":{"rendered":"Premier Artist Birch 20&Prime;x16&Prime; 10&Prime;x8&Prime; 12&Prime;x9&Prime; 14&Prime;x14"},"content":{"rendered":"<p>20&Prime;x16&Prime; 10&Prime;x8&Prime; 12&Prime;x9&Prime; 14&Prime;x14<br \/>\nTr\u00e8s bon \u00e9tat g\u00e9n\u00e9ral<br \/>\nFrottement caisse claire sur tom 10&Prime;<br \/>\nVernis \u00e9clairci sur le Tom Bass<br \/>\nAnn\u00e9e 2003 &#8211; Premi\u00e8re s\u00e9rie Made in England \u00ab\u00a0British Made\u00a0\u00bb<\/p>\n<p>(enl\u00e8vement sur place privil\u00e9gi\u00e9 mais envoi possible dans toute la France sur devis s\u00e9par\u00e9 \u2013 merci de s\u00e9lectionner l\u2019option retrait sur place et nous vous ferons parvenir un devis s\u00e9par\u00e9 pour la livraison, \u00e0 r\u00e9gler s\u00e9par\u00e9ment)<br \/>\nInternational order, pick-up ONLY<\/p>\n<p>Batterie Rimocc&rsquo; Lyon<\/p>","protected":false},"excerpt":{"rendered":"<p>20&Prime;x16&Prime; 10&Prime;x8&Prime; 12&Prime;x9&Prime; 14&Prime;x14 Tr\u00e8s bon \u00e9tat g\u00e9n\u00e9ral Frottement caisse claire sur tom 10&Prime; Vernis \u00e9clairci sur le Tom Bass Ann\u00e9e 2003 &#8211; Premi\u00e8re s\u00e9rie Made in England \u00ab\u00a0British Made\u00a0\u00bb (enl\u00e8vement sur place privil\u00e9gi\u00e9 mais envoi possible dans toute la France sur devis s\u00e9par\u00e9 \u2013 merci de s\u00e9lectionner l\u2019option retrait sur place et nous vous [&hellip;]<\/p>\n","protected":false},"featured_media":10248,"comment_status":"open","ping_status":"closed","template":"","meta":{"jetpack_publicize_message":"","jetpack_publicize_feature_enabled":true,"jetpack_social_post_already_shared":false,"jetpack_social_options":{"image_generator_settings":{"template":"highway","default_image_id":0,"font":"","enabled":false},"version":2}},"product_brand":[],"product_cat":[20],"product_tag":[41,42],"class_list":{"0":"post-10256","1":"product","2":"type-product","3":"status-publish","4":"has-post-thumbnail","6":"product_cat-batterie","7":"product_tag-batterie","8":"product_tag-premier","10":"entry","11":"has-media","13":"first","14":"outofstock","15":"shipping-taxable","16":"purchasable","17":"product-type-simple","18":"has-product-nav","19":"col","20":"span_1_of_3","21":"owp-content-center","22":"owp-thumbs-layout-horizontal","23":"owp-btn-normal","24":"owp-tabs-layout-horizontal"},"yoast_head":"<!-- This site is optimized with the Yoast SEO plugin v27.4 - https:\/\/yoast.com\/product\/yoast-seo-wordpress\/ -->\n<title>Premier Artist Birch 20&quot;x16&quot; 10&quot;x8&quot; 12&quot;x9&quot; 14&quot;x14 - D\u00e9p\u00f4t Vente Batterie Percussion | Rimocc Lyon<\/title>\n<meta name=\"description\" content=\"The do-it-all drum kit. Premier Artist is a fantastic choice for drummers and hobbyists making the transition from beginner to intermediate.\" \/>\n<meta name=\"robots\" content=\"index, follow, max-snippet:-1, max-image-preview:large, max-video-preview:-1\" \/>\n<link rel=\"canonical\" href=\"https:\/\/www.rimocc.com\/en\/product\/premier-artist-birch-20x16-10x8-12x9-14x14\/\" \/>\n<meta property=\"og:locale\" content=\"en_US\" \/>\n<meta property=\"og:type\" content=\"article\" \/>\n<meta property=\"og:title\" content=\"Premier Artist Birch 20&quot;x16&quot; 10&quot;x8&quot; 12&quot;x9&quot; 14&quot;x14 - D\u00e9p\u00f4t Vente Batterie Percussion | Rimocc Lyon\" \/>\n<meta property=\"og:description\" content=\"The do-it-all drum kit. Premier Artist is a fantastic choice for drummers and hobbyists making the transition from beginner to intermediate.\" \/>\n<meta property=\"og:url\" content=\"https:\/\/www.rimocc.com\/en\/product\/premier-artist-birch-20x16-10x8-12x9-14x14\/\" \/>\n<meta property=\"og:site_name\" content=\"D\u00e9p\u00f4t Vente Batterie Percussion | Rimocc Lyon\" \/>\n<meta property=\"article:publisher\" content=\"https:\/\/www.facebook.com\/rimocclyon\/?locale=fr_FR\" \/>\n<meta property=\"article:modified_time\" content=\"2023-11-22T16:22:30+00:00\" \/>\n<meta property=\"og:image\" content=\"https:\/\/www.rimocc.com\/wp-content\/uploads\/2023\/10\/Premier-Artist-Birch-20_x16_-10_x8_-12_x9_-14_x14-1.jpg\" \/>\n\t<meta property=\"og:image:width\" content=\"1920\" \/>\n\t<meta property=\"og:image:height\" content=\"1920\" \/>\n\t<meta property=\"og:image:type\" content=\"image\/jpeg\" \/>\n<meta name=\"twitter:card\" content=\"summary_large_image\" \/>\n<meta name=\"twitter:label1\" content=\"Est. reading time\" \/>\n\t<meta name=\"twitter:data1\" content=\"1 minute\" \/>\n<script type=\"application\/ld+json\" class=\"yoast-schema-graph\">{\"@context\":\"https:\\\/\\\/schema.org\",\"@graph\":[{\"@type\":\"WebPage\",\"@id\":\"https:\\\/\\\/www.rimocc.com\\\/product\\\/premier-artist-birch-20x16-10x8-12x9-14x14\\\/\",\"url\":\"https:\\\/\\\/www.rimocc.com\\\/product\\\/premier-artist-birch-20x16-10x8-12x9-14x14\\\/\",\"name\":\"Premier Artist Birch 20\\\"x16\\\" 10\\\"x8\\\" 12\\\"x9\\\" 14\\\"x14 - D\u00e9p\u00f4t Vente Batterie Percussion | Rimocc Lyon\",\"isPartOf\":{\"@id\":\"https:\\\/\\\/www.rimocc.com\\\/#website\"},\"primaryImageOfPage\":{\"@id\":\"https:\\\/\\\/www.rimocc.com\\\/product\\\/premier-artist-birch-20x16-10x8-12x9-14x14\\\/#primaryimage\"},\"image\":{\"@id\":\"https:\\\/\\\/www.rimocc.com\\\/product\\\/premier-artist-birch-20x16-10x8-12x9-14x14\\\/#primaryimage\"},\"thumbnailUrl\":\"https:\\\/\\\/www.rimocc.com\\\/wp-content\\\/uploads\\\/2023\\\/10\\\/Premier-Artist-Birch-20_x16_-10_x8_-12_x9_-14_x14-1.jpg\",\"datePublished\":\"2023-10-04T15:46:02+00:00\",\"dateModified\":\"2023-11-22T16:22:30+00:00\",\"description\":\"The do-it-all drum kit. Premier Artist is a fantastic choice for drummers and hobbyists making the transition from beginner to intermediate.\",\"breadcrumb\":{\"@id\":\"https:\\\/\\\/www.rimocc.com\\\/product\\\/premier-artist-birch-20x16-10x8-12x9-14x14\\\/#breadcrumb\"},\"inLanguage\":\"en-US\",\"potentialAction\":[{\"@type\":\"ReadAction\",\"target\":[\"https:\\\/\\\/www.rimocc.com\\\/product\\\/premier-artist-birch-20x16-10x8-12x9-14x14\\\/\"]}]},{\"@type\":\"ImageObject\",\"inLanguage\":\"en-US\",\"@id\":\"https:\\\/\\\/www.rimocc.com\\\/product\\\/premier-artist-birch-20x16-10x8-12x9-14x14\\\/#primaryimage\",\"url\":\"https:\\\/\\\/www.rimocc.com\\\/wp-content\\\/uploads\\\/2023\\\/10\\\/Premier-Artist-Birch-20_x16_-10_x8_-12_x9_-14_x14-1.jpg\",\"contentUrl\":\"https:\\\/\\\/www.rimocc.com\\\/wp-content\\\/uploads\\\/2023\\\/10\\\/Premier-Artist-Birch-20_x16_-10_x8_-12_x9_-14_x14-1.jpg\",\"width\":1920,\"height\":1920,\"caption\":\"Premier Artist Birch 20\\\"x16\\\" 10\\\"x8\\\" 12\\\"x9\\\" 14\\\"x14\"},{\"@type\":\"BreadcrumbList\",\"@id\":\"https:\\\/\\\/www.rimocc.com\\\/product\\\/premier-artist-birch-20x16-10x8-12x9-14x14\\\/#breadcrumb\",\"itemListElement\":[{\"@type\":\"ListItem\",\"position\":1,\"name\":\"Home\",\"item\":\"https:\\\/\\\/www.rimocc.com\\\/\"},{\"@type\":\"ListItem\",\"position\":2,\"name\":\"Shop\",\"item\":\"https:\\\/\\\/www.rimocc.com\\\/shop\\\/\"},{\"@type\":\"ListItem\",\"position\":3,\"name\":\"Premier Artist Birch 20&#8243;x16&#8243; 10&#8243;x8&#8243; 12&#8243;x9&#8243; 14&#8243;x14\"}]},{\"@type\":\"WebSite\",\"@id\":\"https:\\\/\\\/www.rimocc.com\\\/#website\",\"url\":\"https:\\\/\\\/www.rimocc.com\\\/\",\"name\":\"D\u00e9p\u00f4t Vente Batterie Percussion | Rimocc Lyon\",\"description\":\"Rimocc: l&#039;unique magasin d\u00e9di\u00e9 enti\u00e8rement \u00e0 la batterie, percussion d&#039;occasion et vintage \u00e0 Lyon, France\",\"publisher\":{\"@id\":\"https:\\\/\\\/www.rimocc.com\\\/#organization\"},\"alternateName\":\"Rimocc'\",\"potentialAction\":[{\"@type\":\"SearchAction\",\"target\":{\"@type\":\"EntryPoint\",\"urlTemplate\":\"https:\\\/\\\/www.rimocc.com\\\/?s={search_term_string}\"},\"query-input\":{\"@type\":\"PropertyValueSpecification\",\"valueRequired\":true,\"valueName\":\"search_term_string\"}}],\"inLanguage\":\"en-US\"},{\"@type\":\"Organization\",\"@id\":\"https:\\\/\\\/www.rimocc.com\\\/#organization\",\"name\":\"Rimocc'\",\"alternateName\":\"Rimocc\",\"url\":\"https:\\\/\\\/www.rimocc.com\\\/\",\"logo\":{\"@type\":\"ImageObject\",\"inLanguage\":\"en-US\",\"@id\":\"https:\\\/\\\/www.rimocc.com\\\/#\\\/schema\\\/logo\\\/image\\\/\",\"url\":\"https:\\\/\\\/i0.wp.com\\\/www.rimocc.com\\\/wp-content\\\/uploads\\\/2023\\\/07\\\/RIMOCC_LOGO.jpg?fit=459%2C114&ssl=1\",\"contentUrl\":\"https:\\\/\\\/i0.wp.com\\\/www.rimocc.com\\\/wp-content\\\/uploads\\\/2023\\\/07\\\/RIMOCC_LOGO.jpg?fit=459%2C114&ssl=1\",\"width\":459,\"height\":114,\"caption\":\"Rimocc'\"},\"image\":{\"@id\":\"https:\\\/\\\/www.rimocc.com\\\/#\\\/schema\\\/logo\\\/image\\\/\"},\"sameAs\":[\"https:\\\/\\\/www.facebook.com\\\/rimocclyon\\\/?locale=fr_FR\",\"https:\\\/\\\/www.instagram.com\\\/rimoccc\\\/?hl=fr\",\"https:\\\/\\\/www.tiktok.com\\\/@rimocc\",\"https:\\\/\\\/www.youtube.com\\\/@Rimocc\"]}]}<\/script>\n<!-- \/ Yoast SEO plugin. -->","yoast_head_json":{"title":"Premier Artist Birch 20\"x16\" 10\"x8\" 12\"x9\" 14\"x14 - D\u00e9p\u00f4t Vente Batterie Percussion | Rimocc Lyon","description":"The do-it-all drum kit. Premier Artist is a fantastic choice for drummers and hobbyists making the transition from beginner to intermediate.","robots":{"index":"index","follow":"follow","max-snippet":"max-snippet:-1","max-image-preview":"max-image-preview:large","max-video-preview":"max-video-preview:-1"},"canonical":"https:\/\/www.rimocc.com\/en\/product\/premier-artist-birch-20x16-10x8-12x9-14x14\/","og_locale":"en_US","og_type":"article","og_title":"Premier Artist Birch 20\"x16\" 10\"x8\" 12\"x9\" 14\"x14 - D\u00e9p\u00f4t Vente Batterie Percussion | Rimocc Lyon","og_description":"The do-it-all drum kit. Premier Artist is a fantastic choice for drummers and hobbyists making the transition from beginner to intermediate.","og_url":"https:\/\/www.rimocc.com\/en\/product\/premier-artist-birch-20x16-10x8-12x9-14x14\/","og_site_name":"D\u00e9p\u00f4t Vente Batterie Percussion | Rimocc Lyon","article_publisher":"https:\/\/www.facebook.com\/rimocclyon\/?locale=fr_FR","article_modified_time":"2023-11-22T16:22:30+00:00","og_image":[{"width":1920,"height":1920,"url":"https:\/\/www.rimocc.com\/wp-content\/uploads\/2023\/10\/Premier-Artist-Birch-20_x16_-10_x8_-12_x9_-14_x14-1.jpg","type":"image\/jpeg"}],"twitter_card":"summary_large_image","twitter_misc":{"Est. reading time":"1 minute"},"schema":{"@context":"https:\/\/schema.org","@graph":[{"@type":"WebPage","@id":"https:\/\/www.rimocc.com\/product\/premier-artist-birch-20x16-10x8-12x9-14x14\/","url":"https:\/\/www.rimocc.com\/product\/premier-artist-birch-20x16-10x8-12x9-14x14\/","name":"Premier Artist Birch 20\"x16\" 10\"x8\" 12\"x9\" 14\"x14 - D\u00e9p\u00f4t Vente Batterie Percussion | Rimocc Lyon","isPartOf":{"@id":"https:\/\/www.rimocc.com\/#website"},"primaryImageOfPage":{"@id":"https:\/\/www.rimocc.com\/product\/premier-artist-birch-20x16-10x8-12x9-14x14\/#primaryimage"},"image":{"@id":"https:\/\/www.rimocc.com\/product\/premier-artist-birch-20x16-10x8-12x9-14x14\/#primaryimage"},"thumbnailUrl":"https:\/\/www.rimocc.com\/wp-content\/uploads\/2023\/10\/Premier-Artist-Birch-20_x16_-10_x8_-12_x9_-14_x14-1.jpg","datePublished":"2023-10-04T15:46:02+00:00","dateModified":"2023-11-22T16:22:30+00:00","description":"The do-it-all drum kit. Premier Artist is a fantastic choice for drummers and hobbyists making the transition from beginner to intermediate.","breadcrumb":{"@id":"https:\/\/www.rimocc.com\/product\/premier-artist-birch-20x16-10x8-12x9-14x14\/#breadcrumb"},"inLanguage":"en-US","potentialAction":[{"@type":"ReadAction","target":["https:\/\/www.rimocc.com\/product\/premier-artist-birch-20x16-10x8-12x9-14x14\/"]}]},{"@type":"ImageObject","inLanguage":"en-US","@id":"https:\/\/www.rimocc.com\/product\/premier-artist-birch-20x16-10x8-12x9-14x14\/#primaryimage","url":"https:\/\/www.rimocc.com\/wp-content\/uploads\/2023\/10\/Premier-Artist-Birch-20_x16_-10_x8_-12_x9_-14_x14-1.jpg","contentUrl":"https:\/\/www.rimocc.com\/wp-content\/uploads\/2023\/10\/Premier-Artist-Birch-20_x16_-10_x8_-12_x9_-14_x14-1.jpg","width":1920,"height":1920,"caption":"Premier Artist Birch 20\"x16\" 10\"x8\" 12\"x9\" 14\"x14"},{"@type":"BreadcrumbList","@id":"https:\/\/www.rimocc.com\/product\/premier-artist-birch-20x16-10x8-12x9-14x14\/#breadcrumb","itemListElement":[{"@type":"ListItem","position":1,"name":"Home","item":"https:\/\/www.rimocc.com\/"},{"@type":"ListItem","position":2,"name":"Shop","item":"https:\/\/www.rimocc.com\/shop\/"},{"@type":"ListItem","position":3,"name":"Premier Artist Birch 20&#8243;x16&#8243; 10&#8243;x8&#8243; 12&#8243;x9&#8243; 14&#8243;x14"}]},{"@type":"WebSite","@id":"https:\/\/www.rimocc.com\/#website","url":"https:\/\/www.rimocc.com\/","name":"D\u00e9p\u00f4t Vente Batterie Percussion | Rimocc Lyon","description":"Rimocc: l&#039;unique magasin d\u00e9di\u00e9 enti\u00e8rement \u00e0 la batterie, percussion d&#039;occasion et vintage \u00e0 Lyon, France","publisher":{"@id":"https:\/\/www.rimocc.com\/#organization"},"alternateName":"Rimocc'","potentialAction":[{"@type":"SearchAction","target":{"@type":"EntryPoint","urlTemplate":"https:\/\/www.rimocc.com\/?s={search_term_string}"},"query-input":{"@type":"PropertyValueSpecification","valueRequired":true,"valueName":"search_term_string"}}],"inLanguage":"en-US"},{"@type":"Organization","@id":"https:\/\/www.rimocc.com\/#organization","name":"Rimocc'","alternateName":"Rimocc","url":"https:\/\/www.rimocc.com\/","logo":{"@type":"ImageObject","inLanguage":"en-US","@id":"https:\/\/www.rimocc.com\/#\/schema\/logo\/image\/","url":"https:\/\/i0.wp.com\/www.rimocc.com\/wp-content\/uploads\/2023\/07\/RIMOCC_LOGO.jpg?fit=459%2C114&ssl=1","contentUrl":"https:\/\/i0.wp.com\/www.rimocc.com\/wp-content\/uploads\/2023\/07\/RIMOCC_LOGO.jpg?fit=459%2C114&ssl=1","width":459,"height":114,"caption":"Rimocc'"},"image":{"@id":"https:\/\/www.rimocc.com\/#\/schema\/logo\/image\/"},"sameAs":["https:\/\/www.facebook.com\/rimocclyon\/?locale=fr_FR","https:\/\/www.instagram.com\/rimoccc\/?hl=fr","https:\/\/www.tiktok.com\/@rimocc","https:\/\/www.youtube.com\/@Rimocc"]}]}},"jetpack_publicize_connections":[],"jetpack_sharing_enabled":true,"_links":{"self":[{"href":"https:\/\/www.rimocc.com\/en\/wp-json\/wp\/v2\/product\/10256","targetHints":{"allow":["GET"]}}],"collection":[{"href":"https:\/\/www.rimocc.com\/en\/wp-json\/wp\/v2\/product"}],"about":[{"href":"https:\/\/www.rimocc.com\/en\/wp-json\/wp\/v2\/types\/product"}],"replies":[{"embeddable":true,"href":"https:\/\/www.rimocc.com\/en\/wp-json\/wp\/v2\/comments?post=10256"}],"wp:featuredmedia":[{"embeddable":true,"href":"https:\/\/www.rimocc.com\/en\/wp-json\/wp\/v2\/media\/10248"}],"wp:attachment":[{"href":"https:\/\/www.rimocc.com\/en\/wp-json\/wp\/v2\/media?parent=10256"}],"wp:term":[{"taxonomy":"product_brand","embeddable":true,"href":"https:\/\/www.rimocc.com\/en\/wp-json\/wp\/v2\/product_brand?post=10256"},{"taxonomy":"product_cat","embeddable":true,"href":"https:\/\/www.rimocc.com\/en\/wp-json\/wp\/v2\/product_cat?post=10256"},{"taxonomy":"product_tag","embeddable":true,"href":"https:\/\/www.rimocc.com\/en\/wp-json\/wp\/v2\/product_tag?post=10256"}],"curies":[{"name":"wp","href":"https:\/\/api.w.org\/{rel}","templated":true}]}}