{"id":10205,"date":"2023-09-30T17:31:40","date_gmt":"2023-09-30T15:31:40","guid":{"rendered":"https:\/\/www.rimocc.com\/?post_type=product&#038;p=10205"},"modified":"2025-02-16T11:06:26","modified_gmt":"2025-02-16T10:06:26","slug":"sonitus-kicker-18x14","status":"publish","type":"product","link":"https:\/\/www.rimocc.com\/en\/product\/sonitus-kicker-18x14\/","title":{"rendered":"Sonitus Kicker 18&Prime;x14&Prime;"},"content":{"rendered":"<p>Neuf, sous emballage<\/p>\n<p>Accessoires Batterie Percussions Rimocc&rsquo; Lyon<\/p>","protected":false},"excerpt":{"rendered":"<p>Neuf, sous emballage Accessoires Batterie Percussions Rimocc&rsquo; Lyon<\/p>","protected":false},"featured_media":10202,"comment_status":"open","ping_status":"closed","template":"","meta":{"jetpack_publicize_message":"","jetpack_publicize_feature_enabled":true,"jetpack_social_post_already_shared":false,"jetpack_social_options":{"image_generator_settings":{"template":"highway","default_image_id":0,"font":"","enabled":false},"version":2}},"product_brand":[],"product_cat":[22],"product_tag":[227],"class_list":{"0":"post-10205","1":"product","2":"type-product","3":"status-publish","4":"has-post-thumbnail","6":"product_cat-accessoires-batterie","7":"product_tag-sonitus","9":"entry","10":"has-media","12":"first","13":"outofstock","14":"shipping-taxable","15":"purchasable","16":"product-type-simple","17":"has-product-nav","18":"col","19":"span_1_of_3","20":"owp-content-center","21":"owp-thumbs-layout-horizontal","22":"owp-btn-normal","23":"owp-tabs-layout-horizontal"},"yoast_head":"<!-- This site is optimized with the Yoast SEO plugin v27.4 - https:\/\/yoast.com\/product\/yoast-seo-wordpress\/ -->\n<title>Sonitus Kicker 18&quot;x14&quot; - D\u00e9p\u00f4t Vente Batterie Percussion | Rimocc Lyon<\/title>\n<meta name=\"description\" content=\"Coussin att\u00e9nuateur d&#039;harmoniques En polyester de haute qualit\u00e9 Rainure appropri\u00e9e pour le microphone de surface Shure Beta 91A ou tout autre microphone avec le support Sonitus Acoustics The Kicker Mic Stand (366695 )Petit passage de c\u00e2ble Peaux de frappe et de r\u00e9sonance att\u00e9nu\u00e9es simultan\u00e9ment Elimine les fr\u00e9quences ind\u00e9sirables et fournit un son puissant et tr\u00e8s pr\u00e9cis Couleur: Anthracite\" \/>\n<meta name=\"robots\" content=\"index, follow, max-snippet:-1, max-image-preview:large, max-video-preview:-1\" \/>\n<link rel=\"canonical\" href=\"https:\/\/www.rimocc.com\/en\/product\/sonitus-kicker-18x14\/\" \/>\n<meta property=\"og:locale\" content=\"en_US\" \/>\n<meta property=\"og:type\" content=\"article\" \/>\n<meta property=\"og:title\" content=\"Sonitus Kicker 18&quot;x14&quot; - D\u00e9p\u00f4t Vente Batterie Percussion | Rimocc Lyon\" \/>\n<meta property=\"og:description\" content=\"Coussin att\u00e9nuateur d&#039;harmoniques En polyester de haute qualit\u00e9 Rainure appropri\u00e9e pour le microphone de surface Shure Beta 91A ou tout autre microphone avec le support Sonitus Acoustics The Kicker Mic Stand (366695 )Petit passage de c\u00e2ble Peaux de frappe et de r\u00e9sonance att\u00e9nu\u00e9es simultan\u00e9ment Elimine les fr\u00e9quences ind\u00e9sirables et fournit un son puissant et tr\u00e8s pr\u00e9cis Couleur: Anthracite\" \/>\n<meta property=\"og:url\" content=\"https:\/\/www.rimocc.com\/en\/product\/sonitus-kicker-18x14\/\" \/>\n<meta property=\"og:site_name\" content=\"D\u00e9p\u00f4t Vente Batterie Percussion | Rimocc Lyon\" \/>\n<meta property=\"article:publisher\" content=\"https:\/\/www.facebook.com\/rimocclyon\/?locale=fr_FR\" \/>\n<meta property=\"article:modified_time\" content=\"2025-02-16T10:06:26+00:00\" \/>\n<meta property=\"og:image\" content=\"https:\/\/www.rimocc.com\/wp-content\/uploads\/2023\/09\/Sonitus-Kicker-18_x14_-1.jpg\" \/>\n\t<meta property=\"og:image:width\" content=\"1920\" \/>\n\t<meta property=\"og:image:height\" content=\"1920\" \/>\n\t<meta property=\"og:image:type\" content=\"image\/jpeg\" \/>\n<meta name=\"twitter:card\" content=\"summary_large_image\" \/>\n<script type=\"application\/ld+json\" class=\"yoast-schema-graph\">{\"@context\":\"https:\\\/\\\/schema.org\",\"@graph\":[{\"@type\":\"WebPage\",\"@id\":\"https:\\\/\\\/www.rimocc.com\\\/product\\\/sonitus-kicker-18x14\\\/\",\"url\":\"https:\\\/\\\/www.rimocc.com\\\/product\\\/sonitus-kicker-18x14\\\/\",\"name\":\"Sonitus Kicker 18\\\"x14\\\" - D\u00e9p\u00f4t Vente Batterie Percussion | Rimocc Lyon\",\"isPartOf\":{\"@id\":\"https:\\\/\\\/www.rimocc.com\\\/#website\"},\"primaryImageOfPage\":{\"@id\":\"https:\\\/\\\/www.rimocc.com\\\/product\\\/sonitus-kicker-18x14\\\/#primaryimage\"},\"image\":{\"@id\":\"https:\\\/\\\/www.rimocc.com\\\/product\\\/sonitus-kicker-18x14\\\/#primaryimage\"},\"thumbnailUrl\":\"https:\\\/\\\/www.rimocc.com\\\/wp-content\\\/uploads\\\/2023\\\/09\\\/Sonitus-Kicker-18_x14_-1.jpg\",\"datePublished\":\"2023-09-30T15:31:40+00:00\",\"dateModified\":\"2025-02-16T10:06:26+00:00\",\"description\":\"Coussin att\u00e9nuateur d'harmoniques En polyester de haute qualit\u00e9 Rainure appropri\u00e9e pour le microphone de surface Shure Beta 91A ou tout autre microphone avec le support Sonitus Acoustics The Kicker Mic Stand (366695 )Petit passage de c\u00e2ble Peaux de frappe et de r\u00e9sonance att\u00e9nu\u00e9es simultan\u00e9ment Elimine les fr\u00e9quences ind\u00e9sirables et fournit un son puissant et tr\u00e8s pr\u00e9cis Couleur: Anthracite\",\"breadcrumb\":{\"@id\":\"https:\\\/\\\/www.rimocc.com\\\/product\\\/sonitus-kicker-18x14\\\/#breadcrumb\"},\"inLanguage\":\"en-US\",\"potentialAction\":[{\"@type\":\"ReadAction\",\"target\":[\"https:\\\/\\\/www.rimocc.com\\\/product\\\/sonitus-kicker-18x14\\\/\"]}]},{\"@type\":\"ImageObject\",\"inLanguage\":\"en-US\",\"@id\":\"https:\\\/\\\/www.rimocc.com\\\/product\\\/sonitus-kicker-18x14\\\/#primaryimage\",\"url\":\"https:\\\/\\\/www.rimocc.com\\\/wp-content\\\/uploads\\\/2023\\\/09\\\/Sonitus-Kicker-18_x14_-1.jpg\",\"contentUrl\":\"https:\\\/\\\/www.rimocc.com\\\/wp-content\\\/uploads\\\/2023\\\/09\\\/Sonitus-Kicker-18_x14_-1.jpg\",\"width\":1920,\"height\":1920},{\"@type\":\"BreadcrumbList\",\"@id\":\"https:\\\/\\\/www.rimocc.com\\\/product\\\/sonitus-kicker-18x14\\\/#breadcrumb\",\"itemListElement\":[{\"@type\":\"ListItem\",\"position\":1,\"name\":\"Home\",\"item\":\"https:\\\/\\\/www.rimocc.com\\\/\"},{\"@type\":\"ListItem\",\"position\":2,\"name\":\"Shop\",\"item\":\"https:\\\/\\\/www.rimocc.com\\\/shop\\\/\"},{\"@type\":\"ListItem\",\"position\":3,\"name\":\"Sonitus Kicker 18&#8243;x14&#8243;\"}]},{\"@type\":\"WebSite\",\"@id\":\"https:\\\/\\\/www.rimocc.com\\\/#website\",\"url\":\"https:\\\/\\\/www.rimocc.com\\\/\",\"name\":\"D\u00e9p\u00f4t Vente Batterie Percussion | Rimocc Lyon\",\"description\":\"Rimocc: l&#039;unique magasin d\u00e9di\u00e9 enti\u00e8rement \u00e0 la batterie, percussion d&#039;occasion et vintage \u00e0 Lyon, France\",\"publisher\":{\"@id\":\"https:\\\/\\\/www.rimocc.com\\\/#organization\"},\"alternateName\":\"Rimocc'\",\"potentialAction\":[{\"@type\":\"SearchAction\",\"target\":{\"@type\":\"EntryPoint\",\"urlTemplate\":\"https:\\\/\\\/www.rimocc.com\\\/?s={search_term_string}\"},\"query-input\":{\"@type\":\"PropertyValueSpecification\",\"valueRequired\":true,\"valueName\":\"search_term_string\"}}],\"inLanguage\":\"en-US\"},{\"@type\":\"Organization\",\"@id\":\"https:\\\/\\\/www.rimocc.com\\\/#organization\",\"name\":\"Rimocc'\",\"alternateName\":\"Rimocc\",\"url\":\"https:\\\/\\\/www.rimocc.com\\\/\",\"logo\":{\"@type\":\"ImageObject\",\"inLanguage\":\"en-US\",\"@id\":\"https:\\\/\\\/www.rimocc.com\\\/#\\\/schema\\\/logo\\\/image\\\/\",\"url\":\"https:\\\/\\\/i0.wp.com\\\/www.rimocc.com\\\/wp-content\\\/uploads\\\/2023\\\/07\\\/RIMOCC_LOGO.jpg?fit=459%2C114&ssl=1\",\"contentUrl\":\"https:\\\/\\\/i0.wp.com\\\/www.rimocc.com\\\/wp-content\\\/uploads\\\/2023\\\/07\\\/RIMOCC_LOGO.jpg?fit=459%2C114&ssl=1\",\"width\":459,\"height\":114,\"caption\":\"Rimocc'\"},\"image\":{\"@id\":\"https:\\\/\\\/www.rimocc.com\\\/#\\\/schema\\\/logo\\\/image\\\/\"},\"sameAs\":[\"https:\\\/\\\/www.facebook.com\\\/rimocclyon\\\/?locale=fr_FR\",\"https:\\\/\\\/www.instagram.com\\\/rimoccc\\\/?hl=fr\",\"https:\\\/\\\/www.tiktok.com\\\/@rimocc\",\"https:\\\/\\\/www.youtube.com\\\/@Rimocc\"]}]}<\/script>\n<!-- \/ Yoast SEO plugin. -->","yoast_head_json":{"title":"Sonitus Kicker 18\"x14\" - D\u00e9p\u00f4t Vente Batterie Percussion | Rimocc Lyon","description":"Coussin att\u00e9nuateur d'harmoniques En polyester de haute qualit\u00e9 Rainure appropri\u00e9e pour le microphone de surface Shure Beta 91A ou tout autre microphone avec le support Sonitus Acoustics The Kicker Mic Stand (366695 )Petit passage de c\u00e2ble Peaux de frappe et de r\u00e9sonance att\u00e9nu\u00e9es simultan\u00e9ment Elimine les fr\u00e9quences ind\u00e9sirables et fournit un son puissant et tr\u00e8s pr\u00e9cis Couleur: Anthracite","robots":{"index":"index","follow":"follow","max-snippet":"max-snippet:-1","max-image-preview":"max-image-preview:large","max-video-preview":"max-video-preview:-1"},"canonical":"https:\/\/www.rimocc.com\/en\/product\/sonitus-kicker-18x14\/","og_locale":"en_US","og_type":"article","og_title":"Sonitus Kicker 18\"x14\" - D\u00e9p\u00f4t Vente Batterie Percussion | Rimocc Lyon","og_description":"Coussin att\u00e9nuateur d'harmoniques En polyester de haute qualit\u00e9 Rainure appropri\u00e9e pour le microphone de surface Shure Beta 91A ou tout autre microphone avec le support Sonitus Acoustics The Kicker Mic Stand (366695 )Petit passage de c\u00e2ble Peaux de frappe et de r\u00e9sonance att\u00e9nu\u00e9es simultan\u00e9ment Elimine les fr\u00e9quences ind\u00e9sirables et fournit un son puissant et tr\u00e8s pr\u00e9cis Couleur: Anthracite","og_url":"https:\/\/www.rimocc.com\/en\/product\/sonitus-kicker-18x14\/","og_site_name":"D\u00e9p\u00f4t Vente Batterie Percussion | Rimocc Lyon","article_publisher":"https:\/\/www.facebook.com\/rimocclyon\/?locale=fr_FR","article_modified_time":"2025-02-16T10:06:26+00:00","og_image":[{"width":1920,"height":1920,"url":"https:\/\/www.rimocc.com\/wp-content\/uploads\/2023\/09\/Sonitus-Kicker-18_x14_-1.jpg","type":"image\/jpeg"}],"twitter_card":"summary_large_image","schema":{"@context":"https:\/\/schema.org","@graph":[{"@type":"WebPage","@id":"https:\/\/www.rimocc.com\/product\/sonitus-kicker-18x14\/","url":"https:\/\/www.rimocc.com\/product\/sonitus-kicker-18x14\/","name":"Sonitus Kicker 18\"x14\" - D\u00e9p\u00f4t Vente Batterie Percussion | Rimocc Lyon","isPartOf":{"@id":"https:\/\/www.rimocc.com\/#website"},"primaryImageOfPage":{"@id":"https:\/\/www.rimocc.com\/product\/sonitus-kicker-18x14\/#primaryimage"},"image":{"@id":"https:\/\/www.rimocc.com\/product\/sonitus-kicker-18x14\/#primaryimage"},"thumbnailUrl":"https:\/\/www.rimocc.com\/wp-content\/uploads\/2023\/09\/Sonitus-Kicker-18_x14_-1.jpg","datePublished":"2023-09-30T15:31:40+00:00","dateModified":"2025-02-16T10:06:26+00:00","description":"Coussin att\u00e9nuateur d'harmoniques En polyester de haute qualit\u00e9 Rainure appropri\u00e9e pour le microphone de surface Shure Beta 91A ou tout autre microphone avec le support Sonitus Acoustics The Kicker Mic Stand (366695 )Petit passage de c\u00e2ble Peaux de frappe et de r\u00e9sonance att\u00e9nu\u00e9es simultan\u00e9ment Elimine les fr\u00e9quences ind\u00e9sirables et fournit un son puissant et tr\u00e8s pr\u00e9cis Couleur: Anthracite","breadcrumb":{"@id":"https:\/\/www.rimocc.com\/product\/sonitus-kicker-18x14\/#breadcrumb"},"inLanguage":"en-US","potentialAction":[{"@type":"ReadAction","target":["https:\/\/www.rimocc.com\/product\/sonitus-kicker-18x14\/"]}]},{"@type":"ImageObject","inLanguage":"en-US","@id":"https:\/\/www.rimocc.com\/product\/sonitus-kicker-18x14\/#primaryimage","url":"https:\/\/www.rimocc.com\/wp-content\/uploads\/2023\/09\/Sonitus-Kicker-18_x14_-1.jpg","contentUrl":"https:\/\/www.rimocc.com\/wp-content\/uploads\/2023\/09\/Sonitus-Kicker-18_x14_-1.jpg","width":1920,"height":1920},{"@type":"BreadcrumbList","@id":"https:\/\/www.rimocc.com\/product\/sonitus-kicker-18x14\/#breadcrumb","itemListElement":[{"@type":"ListItem","position":1,"name":"Home","item":"https:\/\/www.rimocc.com\/"},{"@type":"ListItem","position":2,"name":"Shop","item":"https:\/\/www.rimocc.com\/shop\/"},{"@type":"ListItem","position":3,"name":"Sonitus Kicker 18&#8243;x14&#8243;"}]},{"@type":"WebSite","@id":"https:\/\/www.rimocc.com\/#website","url":"https:\/\/www.rimocc.com\/","name":"D\u00e9p\u00f4t Vente Batterie Percussion | Rimocc Lyon","description":"Rimocc: l&#039;unique magasin d\u00e9di\u00e9 enti\u00e8rement \u00e0 la batterie, percussion d&#039;occasion et vintage \u00e0 Lyon, France","publisher":{"@id":"https:\/\/www.rimocc.com\/#organization"},"alternateName":"Rimocc'","potentialAction":[{"@type":"SearchAction","target":{"@type":"EntryPoint","urlTemplate":"https:\/\/www.rimocc.com\/?s={search_term_string}"},"query-input":{"@type":"PropertyValueSpecification","valueRequired":true,"valueName":"search_term_string"}}],"inLanguage":"en-US"},{"@type":"Organization","@id":"https:\/\/www.rimocc.com\/#organization","name":"Rimocc'","alternateName":"Rimocc","url":"https:\/\/www.rimocc.com\/","logo":{"@type":"ImageObject","inLanguage":"en-US","@id":"https:\/\/www.rimocc.com\/#\/schema\/logo\/image\/","url":"https:\/\/i0.wp.com\/www.rimocc.com\/wp-content\/uploads\/2023\/07\/RIMOCC_LOGO.jpg?fit=459%2C114&ssl=1","contentUrl":"https:\/\/i0.wp.com\/www.rimocc.com\/wp-content\/uploads\/2023\/07\/RIMOCC_LOGO.jpg?fit=459%2C114&ssl=1","width":459,"height":114,"caption":"Rimocc'"},"image":{"@id":"https:\/\/www.rimocc.com\/#\/schema\/logo\/image\/"},"sameAs":["https:\/\/www.facebook.com\/rimocclyon\/?locale=fr_FR","https:\/\/www.instagram.com\/rimoccc\/?hl=fr","https:\/\/www.tiktok.com\/@rimocc","https:\/\/www.youtube.com\/@Rimocc"]}]}},"jetpack_publicize_connections":[],"jetpack_sharing_enabled":true,"_links":{"self":[{"href":"https:\/\/www.rimocc.com\/en\/wp-json\/wp\/v2\/product\/10205","targetHints":{"allow":["GET"]}}],"collection":[{"href":"https:\/\/www.rimocc.com\/en\/wp-json\/wp\/v2\/product"}],"about":[{"href":"https:\/\/www.rimocc.com\/en\/wp-json\/wp\/v2\/types\/product"}],"replies":[{"embeddable":true,"href":"https:\/\/www.rimocc.com\/en\/wp-json\/wp\/v2\/comments?post=10205"}],"wp:featuredmedia":[{"embeddable":true,"href":"https:\/\/www.rimocc.com\/en\/wp-json\/wp\/v2\/media\/10202"}],"wp:attachment":[{"href":"https:\/\/www.rimocc.com\/en\/wp-json\/wp\/v2\/media?parent=10205"}],"wp:term":[{"taxonomy":"product_brand","embeddable":true,"href":"https:\/\/www.rimocc.com\/en\/wp-json\/wp\/v2\/product_brand?post=10205"},{"taxonomy":"product_cat","embeddable":true,"href":"https:\/\/www.rimocc.com\/en\/wp-json\/wp\/v2\/product_cat?post=10205"},{"taxonomy":"product_tag","embeddable":true,"href":"https:\/\/www.rimocc.com\/en\/wp-json\/wp\/v2\/product_tag?post=10205"}],"curies":[{"name":"wp","href":"https:\/\/api.w.org\/{rel}","templated":true}]}}