{"id":10174,"date":"2023-09-28T14:44:59","date_gmt":"2023-09-28T12:44:59","guid":{"rendered":"https:\/\/www.rimocc.com\/?post_type=product&#038;p=10174"},"modified":"2023-09-28T18:32:08","modified_gmt":"2023-09-28T16:32:08","slug":"pdp-x7-by-dw-all-maple-8x7-10x8-12x9-14x12tb-16x14tb-22x18-cc-14x5-clamp","status":"publish","type":"product","link":"https:\/\/www.rimocc.com\/en\/product\/pdp-x7-by-dw-all-maple-8x7-10x8-12x9-14x12tb-16x14tb-22x18-cc-14x5-clamp\/","title":{"rendered":"PDP X7 by DW All Maple 8&Prime;x7&Prime; 10&Prime;x8&Prime; 12&Prime;x9&Prime; 14&Prime;x12&Prime;TB 16&Prime;x14&Prime;TB 22&Prime;x18&Prime; + cc 14&Prime;x5&Prime; + Clamp"},"content":{"rendered":"<p>PDP X7 by DW All Maple 8&Prime;x7&Prime; 10&Prime;x8&Prime; 12&Prime;x9&Prime; 14&Prime;x12&Prime;TB 16&Prime;x14&Prime;TB 22&Prime;x18&Prime; + cc 14&Prime;x5&Prime; + Clamp<br \/>\nEtat proche du neuf, \u00e0 nettoyer<br \/>\nF\u00fbts tout \u00e9rable<br \/>\n(Pieds perche et caisse claire non inclus)<\/p>\n<p>(enl\u00e8vement sur place privil\u00e9gi\u00e9 mais envoi possible dans toute la France sur devis s\u00e9par\u00e9 &#8211; merci de s\u00e9lectionner l&rsquo;option retrait sur place et nous vous ferons parvenir un devis s\u00e9par\u00e9 pour la livraison, \u00e0 r\u00e9gler s\u00e9par\u00e9ment)<br \/>\nInternational order, pick-up ONLY<\/p>\n<p>Batterie Rimocc&rsquo; Lyon Magasin de musique<\/p>","protected":false},"excerpt":{"rendered":"<p>PDP X7 by DW All Maple 8&Prime;x7&Prime; 10&Prime;x8&Prime; 12&Prime;x9&Prime; 14&Prime;x12&Prime;TB 16&Prime;x14&Prime;TB 22&Prime;x18&Prime; + cc 14&Prime;x5&Prime; + Clamp Etat proche du neuf, \u00e0 nettoyer F\u00fbts tout \u00e9rable (Pieds perche et caisse claire non inclus) (enl\u00e8vement sur place privil\u00e9gi\u00e9 mais envoi possible dans toute la France sur devis s\u00e9par\u00e9 &#8211; merci de s\u00e9lectionner l&rsquo;option retrait sur place [&hellip;]<\/p>\n","protected":false},"featured_media":10162,"comment_status":"open","ping_status":"closed","template":"","meta":{"jetpack_publicize_message":"","jetpack_publicize_feature_enabled":true,"jetpack_social_post_already_shared":false,"jetpack_social_options":{"image_generator_settings":{"template":"highway","default_image_id":0,"font":"","enabled":false},"version":2}},"product_brand":[],"product_cat":[20],"product_tag":[41,225,222],"class_list":{"0":"post-10174","1":"product","2":"type-product","3":"status-publish","4":"has-post-thumbnail","6":"product_cat-batterie","7":"product_tag-batterie","8":"product_tag-dw","9":"product_tag-pdp","11":"entry","12":"has-media","14":"first","15":"outofstock","16":"shipping-taxable","17":"purchasable","18":"product-type-simple","19":"has-product-nav","20":"col","21":"span_1_of_3","22":"owp-content-center","23":"owp-thumbs-layout-horizontal","24":"owp-btn-normal","25":"owp-tabs-layout-horizontal"},"yoast_head":"<!-- This site is optimized with the Yoast SEO plugin v27.3 - https:\/\/yoast.com\/product\/yoast-seo-wordpress\/ -->\n<title>PDP X7 by DW All Maple 8&quot;x7&quot; 10&quot;x8&quot; 12&quot;x9&quot; 14&quot;x12&quot;TB 16&quot;x14&quot;TB 22&quot;x18&quot; + cc 14&quot;x5&quot; + Clamp - D\u00e9p\u00f4t Vente Batterie Percussion | Rimocc Lyon<\/title>\n<meta name=\"description\" content=\"Made by DW and uses the same hardware and quality at a much more affordable price than DW\" \/>\n<meta name=\"robots\" content=\"index, follow, max-snippet:-1, max-image-preview:large, max-video-preview:-1\" \/>\n<link rel=\"canonical\" href=\"https:\/\/www.rimocc.com\/en\/product\/pdp-x7-by-dw-all-maple-8x7-10x8-12x9-14x12tb-16x14tb-22x18-cc-14x5-clamp\/\" \/>\n<meta property=\"og:locale\" content=\"en_US\" \/>\n<meta property=\"og:type\" content=\"article\" \/>\n<meta property=\"og:title\" content=\"PDP X7 by DW All Maple 8&quot;x7&quot; 10&quot;x8&quot; 12&quot;x9&quot; 14&quot;x12&quot;TB 16&quot;x14&quot;TB 22&quot;x18&quot; + cc 14&quot;x5&quot; + Clamp - D\u00e9p\u00f4t Vente Batterie Percussion | Rimocc Lyon\" \/>\n<meta property=\"og:description\" content=\"Made by DW and uses the same hardware and quality at a much more affordable price than DW\" \/>\n<meta property=\"og:url\" content=\"https:\/\/www.rimocc.com\/en\/product\/pdp-x7-by-dw-all-maple-8x7-10x8-12x9-14x12tb-16x14tb-22x18-cc-14x5-clamp\/\" \/>\n<meta property=\"og:site_name\" content=\"D\u00e9p\u00f4t Vente Batterie Percussion | Rimocc Lyon\" \/>\n<meta property=\"article:publisher\" content=\"https:\/\/www.facebook.com\/rimocclyon\/?locale=fr_FR\" \/>\n<meta property=\"article:modified_time\" content=\"2023-09-28T16:32:08+00:00\" \/>\n<meta property=\"og:image\" content=\"https:\/\/www.rimocc.com\/wp-content\/uploads\/2023\/09\/PDP-X7-by-DW-All-Maple-8_x7_-10_x8_-12_x9_-14_x12_TB-16_x14_TB-22_x18_-cc-14_x5_-Clamp-1.jpg\" \/>\n\t<meta property=\"og:image:width\" content=\"1920\" \/>\n\t<meta property=\"og:image:height\" content=\"1920\" \/>\n\t<meta property=\"og:image:type\" content=\"image\/jpeg\" \/>\n<meta name=\"twitter:card\" content=\"summary_large_image\" \/>\n<meta name=\"twitter:label1\" content=\"Est. reading time\" \/>\n\t<meta name=\"twitter:data1\" content=\"1 minute\" \/>\n<script type=\"application\/ld+json\" class=\"yoast-schema-graph\">{\"@context\":\"https:\\\/\\\/schema.org\",\"@graph\":[{\"@type\":\"WebPage\",\"@id\":\"https:\\\/\\\/www.rimocc.com\\\/product\\\/pdp-x7-by-dw-all-maple-8x7-10x8-12x9-14x12tb-16x14tb-22x18-cc-14x5-clamp\\\/\",\"url\":\"https:\\\/\\\/www.rimocc.com\\\/product\\\/pdp-x7-by-dw-all-maple-8x7-10x8-12x9-14x12tb-16x14tb-22x18-cc-14x5-clamp\\\/\",\"name\":\"PDP X7 by DW All Maple 8\\\"x7\\\" 10\\\"x8\\\" 12\\\"x9\\\" 14\\\"x12\\\"TB 16\\\"x14\\\"TB 22\\\"x18\\\" + cc 14\\\"x5\\\" + Clamp - D\u00e9p\u00f4t Vente Batterie Percussion | Rimocc Lyon\",\"isPartOf\":{\"@id\":\"https:\\\/\\\/www.rimocc.com\\\/#website\"},\"primaryImageOfPage\":{\"@id\":\"https:\\\/\\\/www.rimocc.com\\\/product\\\/pdp-x7-by-dw-all-maple-8x7-10x8-12x9-14x12tb-16x14tb-22x18-cc-14x5-clamp\\\/#primaryimage\"},\"image\":{\"@id\":\"https:\\\/\\\/www.rimocc.com\\\/product\\\/pdp-x7-by-dw-all-maple-8x7-10x8-12x9-14x12tb-16x14tb-22x18-cc-14x5-clamp\\\/#primaryimage\"},\"thumbnailUrl\":\"https:\\\/\\\/www.rimocc.com\\\/wp-content\\\/uploads\\\/2023\\\/09\\\/PDP-X7-by-DW-All-Maple-8_x7_-10_x8_-12_x9_-14_x12_TB-16_x14_TB-22_x18_-cc-14_x5_-Clamp-1.jpg\",\"datePublished\":\"2023-09-28T12:44:59+00:00\",\"dateModified\":\"2023-09-28T16:32:08+00:00\",\"description\":\"Made by DW and uses the same hardware and quality at a much more affordable price than DW\",\"breadcrumb\":{\"@id\":\"https:\\\/\\\/www.rimocc.com\\\/product\\\/pdp-x7-by-dw-all-maple-8x7-10x8-12x9-14x12tb-16x14tb-22x18-cc-14x5-clamp\\\/#breadcrumb\"},\"inLanguage\":\"en-US\",\"potentialAction\":[{\"@type\":\"ReadAction\",\"target\":[\"https:\\\/\\\/www.rimocc.com\\\/product\\\/pdp-x7-by-dw-all-maple-8x7-10x8-12x9-14x12tb-16x14tb-22x18-cc-14x5-clamp\\\/\"]}]},{\"@type\":\"ImageObject\",\"inLanguage\":\"en-US\",\"@id\":\"https:\\\/\\\/www.rimocc.com\\\/product\\\/pdp-x7-by-dw-all-maple-8x7-10x8-12x9-14x12tb-16x14tb-22x18-cc-14x5-clamp\\\/#primaryimage\",\"url\":\"https:\\\/\\\/www.rimocc.com\\\/wp-content\\\/uploads\\\/2023\\\/09\\\/PDP-X7-by-DW-All-Maple-8_x7_-10_x8_-12_x9_-14_x12_TB-16_x14_TB-22_x18_-cc-14_x5_-Clamp-1.jpg\",\"contentUrl\":\"https:\\\/\\\/www.rimocc.com\\\/wp-content\\\/uploads\\\/2023\\\/09\\\/PDP-X7-by-DW-All-Maple-8_x7_-10_x8_-12_x9_-14_x12_TB-16_x14_TB-22_x18_-cc-14_x5_-Clamp-1.jpg\",\"width\":1920,\"height\":1920,\"caption\":\"PDP X7 by DW All Maple 8\\\"x7\\\" 10\\\"x8\\\" 12\\\"x9\\\" 14\\\"x12\\\"TB 16\\\"x14\\\"TB 22\\\"x18\\\" + cc 14\\\"x5\\\" + Clamp\"},{\"@type\":\"BreadcrumbList\",\"@id\":\"https:\\\/\\\/www.rimocc.com\\\/product\\\/pdp-x7-by-dw-all-maple-8x7-10x8-12x9-14x12tb-16x14tb-22x18-cc-14x5-clamp\\\/#breadcrumb\",\"itemListElement\":[{\"@type\":\"ListItem\",\"position\":1,\"name\":\"Home\",\"item\":\"https:\\\/\\\/www.rimocc.com\\\/\"},{\"@type\":\"ListItem\",\"position\":2,\"name\":\"Shop\",\"item\":\"https:\\\/\\\/www.rimocc.com\\\/shop\\\/\"},{\"@type\":\"ListItem\",\"position\":3,\"name\":\"PDP X7 by DW All Maple 8&#8243;x7&#8243; 10&#8243;x8&#8243; 12&#8243;x9&#8243; 14&#8243;x12&#8243;TB 16&#8243;x14&#8243;TB 22&#8243;x18&#8243; + cc 14&#8243;x5&#8243; + Clamp\"}]},{\"@type\":\"WebSite\",\"@id\":\"https:\\\/\\\/www.rimocc.com\\\/#website\",\"url\":\"https:\\\/\\\/www.rimocc.com\\\/\",\"name\":\"D\u00e9p\u00f4t Vente Batterie Percussion | Rimocc Lyon\",\"description\":\"Rimocc: l&#039;unique magasin d\u00e9di\u00e9 enti\u00e8rement \u00e0 la batterie, percussion d&#039;occasion et vintage \u00e0 Lyon, France\",\"publisher\":{\"@id\":\"https:\\\/\\\/www.rimocc.com\\\/#organization\"},\"alternateName\":\"Rimocc'\",\"potentialAction\":[{\"@type\":\"SearchAction\",\"target\":{\"@type\":\"EntryPoint\",\"urlTemplate\":\"https:\\\/\\\/www.rimocc.com\\\/?s={search_term_string}\"},\"query-input\":{\"@type\":\"PropertyValueSpecification\",\"valueRequired\":true,\"valueName\":\"search_term_string\"}}],\"inLanguage\":\"en-US\"},{\"@type\":\"Organization\",\"@id\":\"https:\\\/\\\/www.rimocc.com\\\/#organization\",\"name\":\"Rimocc'\",\"alternateName\":\"Rimocc\",\"url\":\"https:\\\/\\\/www.rimocc.com\\\/\",\"logo\":{\"@type\":\"ImageObject\",\"inLanguage\":\"en-US\",\"@id\":\"https:\\\/\\\/www.rimocc.com\\\/#\\\/schema\\\/logo\\\/image\\\/\",\"url\":\"https:\\\/\\\/i0.wp.com\\\/www.rimocc.com\\\/wp-content\\\/uploads\\\/2023\\\/07\\\/RIMOCC_LOGO.jpg?fit=459%2C114&ssl=1\",\"contentUrl\":\"https:\\\/\\\/i0.wp.com\\\/www.rimocc.com\\\/wp-content\\\/uploads\\\/2023\\\/07\\\/RIMOCC_LOGO.jpg?fit=459%2C114&ssl=1\",\"width\":459,\"height\":114,\"caption\":\"Rimocc'\"},\"image\":{\"@id\":\"https:\\\/\\\/www.rimocc.com\\\/#\\\/schema\\\/logo\\\/image\\\/\"},\"sameAs\":[\"https:\\\/\\\/www.facebook.com\\\/rimocclyon\\\/?locale=fr_FR\",\"https:\\\/\\\/www.instagram.com\\\/rimoccc\\\/?hl=fr\",\"https:\\\/\\\/www.tiktok.com\\\/@rimocc\",\"https:\\\/\\\/www.youtube.com\\\/@Rimocc\"]}]}<\/script>\n<!-- \/ Yoast SEO plugin. -->","yoast_head_json":{"title":"PDP X7 by DW All Maple 8\"x7\" 10\"x8\" 12\"x9\" 14\"x12\"TB 16\"x14\"TB 22\"x18\" + cc 14\"x5\" + Clamp - D\u00e9p\u00f4t Vente Batterie Percussion | Rimocc Lyon","description":"Made by DW and uses the same hardware and quality at a much more affordable price than DW","robots":{"index":"index","follow":"follow","max-snippet":"max-snippet:-1","max-image-preview":"max-image-preview:large","max-video-preview":"max-video-preview:-1"},"canonical":"https:\/\/www.rimocc.com\/en\/product\/pdp-x7-by-dw-all-maple-8x7-10x8-12x9-14x12tb-16x14tb-22x18-cc-14x5-clamp\/","og_locale":"en_US","og_type":"article","og_title":"PDP X7 by DW All Maple 8\"x7\" 10\"x8\" 12\"x9\" 14\"x12\"TB 16\"x14\"TB 22\"x18\" + cc 14\"x5\" + Clamp - D\u00e9p\u00f4t Vente Batterie Percussion | Rimocc Lyon","og_description":"Made by DW and uses the same hardware and quality at a much more affordable price than DW","og_url":"https:\/\/www.rimocc.com\/en\/product\/pdp-x7-by-dw-all-maple-8x7-10x8-12x9-14x12tb-16x14tb-22x18-cc-14x5-clamp\/","og_site_name":"D\u00e9p\u00f4t Vente Batterie Percussion | Rimocc Lyon","article_publisher":"https:\/\/www.facebook.com\/rimocclyon\/?locale=fr_FR","article_modified_time":"2023-09-28T16:32:08+00:00","og_image":[{"width":1920,"height":1920,"url":"https:\/\/www.rimocc.com\/wp-content\/uploads\/2023\/09\/PDP-X7-by-DW-All-Maple-8_x7_-10_x8_-12_x9_-14_x12_TB-16_x14_TB-22_x18_-cc-14_x5_-Clamp-1.jpg","type":"image\/jpeg"}],"twitter_card":"summary_large_image","twitter_misc":{"Est. reading time":"1 minute"},"schema":{"@context":"https:\/\/schema.org","@graph":[{"@type":"WebPage","@id":"https:\/\/www.rimocc.com\/product\/pdp-x7-by-dw-all-maple-8x7-10x8-12x9-14x12tb-16x14tb-22x18-cc-14x5-clamp\/","url":"https:\/\/www.rimocc.com\/product\/pdp-x7-by-dw-all-maple-8x7-10x8-12x9-14x12tb-16x14tb-22x18-cc-14x5-clamp\/","name":"PDP X7 by DW All Maple 8\"x7\" 10\"x8\" 12\"x9\" 14\"x12\"TB 16\"x14\"TB 22\"x18\" + cc 14\"x5\" + Clamp - D\u00e9p\u00f4t Vente Batterie Percussion | Rimocc Lyon","isPartOf":{"@id":"https:\/\/www.rimocc.com\/#website"},"primaryImageOfPage":{"@id":"https:\/\/www.rimocc.com\/product\/pdp-x7-by-dw-all-maple-8x7-10x8-12x9-14x12tb-16x14tb-22x18-cc-14x5-clamp\/#primaryimage"},"image":{"@id":"https:\/\/www.rimocc.com\/product\/pdp-x7-by-dw-all-maple-8x7-10x8-12x9-14x12tb-16x14tb-22x18-cc-14x5-clamp\/#primaryimage"},"thumbnailUrl":"https:\/\/www.rimocc.com\/wp-content\/uploads\/2023\/09\/PDP-X7-by-DW-All-Maple-8_x7_-10_x8_-12_x9_-14_x12_TB-16_x14_TB-22_x18_-cc-14_x5_-Clamp-1.jpg","datePublished":"2023-09-28T12:44:59+00:00","dateModified":"2023-09-28T16:32:08+00:00","description":"Made by DW and uses the same hardware and quality at a much more affordable price than DW","breadcrumb":{"@id":"https:\/\/www.rimocc.com\/product\/pdp-x7-by-dw-all-maple-8x7-10x8-12x9-14x12tb-16x14tb-22x18-cc-14x5-clamp\/#breadcrumb"},"inLanguage":"en-US","potentialAction":[{"@type":"ReadAction","target":["https:\/\/www.rimocc.com\/product\/pdp-x7-by-dw-all-maple-8x7-10x8-12x9-14x12tb-16x14tb-22x18-cc-14x5-clamp\/"]}]},{"@type":"ImageObject","inLanguage":"en-US","@id":"https:\/\/www.rimocc.com\/product\/pdp-x7-by-dw-all-maple-8x7-10x8-12x9-14x12tb-16x14tb-22x18-cc-14x5-clamp\/#primaryimage","url":"https:\/\/www.rimocc.com\/wp-content\/uploads\/2023\/09\/PDP-X7-by-DW-All-Maple-8_x7_-10_x8_-12_x9_-14_x12_TB-16_x14_TB-22_x18_-cc-14_x5_-Clamp-1.jpg","contentUrl":"https:\/\/www.rimocc.com\/wp-content\/uploads\/2023\/09\/PDP-X7-by-DW-All-Maple-8_x7_-10_x8_-12_x9_-14_x12_TB-16_x14_TB-22_x18_-cc-14_x5_-Clamp-1.jpg","width":1920,"height":1920,"caption":"PDP X7 by DW All Maple 8\"x7\" 10\"x8\" 12\"x9\" 14\"x12\"TB 16\"x14\"TB 22\"x18\" + cc 14\"x5\" + Clamp"},{"@type":"BreadcrumbList","@id":"https:\/\/www.rimocc.com\/product\/pdp-x7-by-dw-all-maple-8x7-10x8-12x9-14x12tb-16x14tb-22x18-cc-14x5-clamp\/#breadcrumb","itemListElement":[{"@type":"ListItem","position":1,"name":"Home","item":"https:\/\/www.rimocc.com\/"},{"@type":"ListItem","position":2,"name":"Shop","item":"https:\/\/www.rimocc.com\/shop\/"},{"@type":"ListItem","position":3,"name":"PDP X7 by DW All Maple 8&#8243;x7&#8243; 10&#8243;x8&#8243; 12&#8243;x9&#8243; 14&#8243;x12&#8243;TB 16&#8243;x14&#8243;TB 22&#8243;x18&#8243; + cc 14&#8243;x5&#8243; + Clamp"}]},{"@type":"WebSite","@id":"https:\/\/www.rimocc.com\/#website","url":"https:\/\/www.rimocc.com\/","name":"D\u00e9p\u00f4t Vente Batterie Percussion | Rimocc Lyon","description":"Rimocc: l&#039;unique magasin d\u00e9di\u00e9 enti\u00e8rement \u00e0 la batterie, percussion d&#039;occasion et vintage \u00e0 Lyon, France","publisher":{"@id":"https:\/\/www.rimocc.com\/#organization"},"alternateName":"Rimocc'","potentialAction":[{"@type":"SearchAction","target":{"@type":"EntryPoint","urlTemplate":"https:\/\/www.rimocc.com\/?s={search_term_string}"},"query-input":{"@type":"PropertyValueSpecification","valueRequired":true,"valueName":"search_term_string"}}],"inLanguage":"en-US"},{"@type":"Organization","@id":"https:\/\/www.rimocc.com\/#organization","name":"Rimocc'","alternateName":"Rimocc","url":"https:\/\/www.rimocc.com\/","logo":{"@type":"ImageObject","inLanguage":"en-US","@id":"https:\/\/www.rimocc.com\/#\/schema\/logo\/image\/","url":"https:\/\/i0.wp.com\/www.rimocc.com\/wp-content\/uploads\/2023\/07\/RIMOCC_LOGO.jpg?fit=459%2C114&ssl=1","contentUrl":"https:\/\/i0.wp.com\/www.rimocc.com\/wp-content\/uploads\/2023\/07\/RIMOCC_LOGO.jpg?fit=459%2C114&ssl=1","width":459,"height":114,"caption":"Rimocc'"},"image":{"@id":"https:\/\/www.rimocc.com\/#\/schema\/logo\/image\/"},"sameAs":["https:\/\/www.facebook.com\/rimocclyon\/?locale=fr_FR","https:\/\/www.instagram.com\/rimoccc\/?hl=fr","https:\/\/www.tiktok.com\/@rimocc","https:\/\/www.youtube.com\/@Rimocc"]}]}},"jetpack_publicize_connections":[],"jetpack_sharing_enabled":true,"_links":{"self":[{"href":"https:\/\/www.rimocc.com\/en\/wp-json\/wp\/v2\/product\/10174","targetHints":{"allow":["GET"]}}],"collection":[{"href":"https:\/\/www.rimocc.com\/en\/wp-json\/wp\/v2\/product"}],"about":[{"href":"https:\/\/www.rimocc.com\/en\/wp-json\/wp\/v2\/types\/product"}],"replies":[{"embeddable":true,"href":"https:\/\/www.rimocc.com\/en\/wp-json\/wp\/v2\/comments?post=10174"}],"wp:featuredmedia":[{"embeddable":true,"href":"https:\/\/www.rimocc.com\/en\/wp-json\/wp\/v2\/media\/10162"}],"wp:attachment":[{"href":"https:\/\/www.rimocc.com\/en\/wp-json\/wp\/v2\/media?parent=10174"}],"wp:term":[{"taxonomy":"product_brand","embeddable":true,"href":"https:\/\/www.rimocc.com\/en\/wp-json\/wp\/v2\/product_brand?post=10174"},{"taxonomy":"product_cat","embeddable":true,"href":"https:\/\/www.rimocc.com\/en\/wp-json\/wp\/v2\/product_cat?post=10174"},{"taxonomy":"product_tag","embeddable":true,"href":"https:\/\/www.rimocc.com\/en\/wp-json\/wp\/v2\/product_tag?post=10174"}],"curies":[{"name":"wp","href":"https:\/\/api.w.org\/{rel}","templated":true}]}}