{"id":10043,"date":"2023-09-15T12:46:15","date_gmt":"2023-09-15T10:46:15","guid":{"rendered":"https:\/\/www.rimocc.com\/?post_type=product&#038;p=10043"},"modified":"2023-09-22T18:58:15","modified_gmt":"2023-09-22T16:58:15","slug":"sonor-rosewood-centennial-gold-badge-bop-kit-de-1975-1977-18x14-12x8-13x9-1414","status":"publish","type":"product","link":"https:\/\/www.rimocc.com\/en\/product\/sonor-rosewood-centennial-gold-badge-bop-kit-de-1975-1977-18x14-12x8-13x9-1414\/","title":{"rendered":"Sonor Rosewood Centennial (Gold Badge) Bop Kit de 1975-1977 18&Prime;x14&Prime; 12&Prime;x8&Prime; 13&Prime;x9 14&Prime;14&Prime;"},"content":{"rendered":"<p>Sonor Rosewood Centennial (Gold Badge) dans sa version Bop de 1975-1977 en 18&Prime;x14&Prime; 12&Prime;x8&Prime; 13&Prime;x9 14&Prime;14&Prime;<br \/>\nTr\u00e8s bon \u00e9tat g\u00e9n\u00e9ral, proche collection.<br \/>\nInclus 2 cercles suppl\u00e9mentaires match\u00e9s en \u00e9rable\/placage palissandre pour une optimisation sonore du set.<br \/>\nEquip\u00e9 de 3 peaux neuves Remo Diplomat<br \/>\nTous les drum rubber tips ont \u00e9t\u00e9 chang\u00e9s par des Pearl Supsension Tips pour une meilleure isolation et projection sonore.<br \/>\nCaisse Claire non inclue<br \/>\n(Possibilit\u00e9 d&rsquo;ajouter la caisse claire correspondante, la sublime Sonor Rosewood D515 Centennial (Gold Badge) 14&Prime;x5,75&Prime;. Tr\u00e8s bon \u00e9tat g\u00e9n\u00e9ral, tout d&rsquo;origine)<\/p>\n<p><em><strong>Very good condition ovearall, close to collector grade. Included 2 Maple\/Rosewood bass drum replacement hoops. Fitted with 3 brand new Remo Diplomat heads<br \/>\nAll Sonor drum rubber tips have been replaced for Pearl Suspension rubber tips for better sound isolation &#038; kit sound projection <\/strong><em><\/em><br \/>\n<em><strong>Snare drum non included<\/strong><\/em><br \/>\n<em><strong>(Option to add the matching snare Sonor Rosewood D515 Centennial (Gold Badge) 14&Prime;x5,75&Prime;.Very good condition, all original.)<\/strong><\/em><\/p>\n<p><strong>Pas d&rsquo;envoi, \u00e0 r\u00e9cup\u00e9rer sur place &#8211; Pick-up only, no international shipping<\/strong><\/p>\n<p>Batterie Jazz Rimocc&rsquo; Magasin de musique Lyon<\/p>","protected":false},"excerpt":{"rendered":"<p>Sonor Rosewood Centennial (Gold Badge) dans sa version Bop de 1975-1977 en 18&Prime;x14&Prime; 12&Prime;x8&Prime; 13&Prime;x9 14&Prime;14&Prime; Tr\u00e8s bon \u00e9tat g\u00e9n\u00e9ral, proche collection. Inclus 2 cercles suppl\u00e9mentaires match\u00e9s en \u00e9rable\/placage palissandre pour une optimisation sonore du set. Equip\u00e9 de 3 peaux neuves Remo Diplomat Tous les drum rubber tips ont \u00e9t\u00e9 chang\u00e9s par des Pearl Supsension [&hellip;]<\/p>\n","protected":false},"featured_media":10018,"comment_status":"open","ping_status":"closed","template":"","meta":{"jetpack_publicize_message":"","jetpack_publicize_feature_enabled":true,"jetpack_social_post_already_shared":false,"jetpack_social_options":{"image_generator_settings":{"template":"highway","default_image_id":0,"font":"","enabled":false},"version":2}},"product_brand":[],"product_cat":[20],"product_tag":[41,67,215],"class_list":{"0":"post-10043","1":"product","2":"type-product","3":"status-publish","4":"has-post-thumbnail","6":"product_cat-batterie","7":"product_tag-batterie","8":"product_tag-sonor","9":"product_tag-sonor-rosewood","11":"entry","12":"has-media","14":"first","15":"outofstock","16":"shipping-taxable","17":"purchasable","18":"product-type-simple","19":"has-product-nav","20":"col","21":"span_1_of_3","22":"owp-content-center","23":"owp-thumbs-layout-horizontal","24":"owp-btn-normal","25":"owp-tabs-layout-horizontal"},"yoast_head":"<!-- This site is optimized with the Yoast SEO plugin v27.3 - https:\/\/yoast.com\/product\/yoast-seo-wordpress\/ -->\n<title>Sonor Rosewood Centennial (Gold Badge) Bop Kit de 1975-1977 18&quot;x14&quot; 12&quot;x8&quot; 13&quot;x9 14&quot;14&quot; - D\u00e9p\u00f4t Vente Batterie Percussion | Rimocc Lyon<\/title>\n<meta name=\"description\" content=\"Sonor Rosewood Centennial (Gold Badge) dans sa version Bop de 1975-1977 en 18&quot;x14&quot; 12&quot;x8&quot; 13&quot;x9 14&quot;14&quot;\" \/>\n<meta name=\"robots\" content=\"index, follow, max-snippet:-1, max-image-preview:large, max-video-preview:-1\" \/>\n<link rel=\"canonical\" href=\"https:\/\/www.rimocc.com\/en\/product\/sonor-rosewood-centennial-gold-badge-bop-kit-de-1975-1977-18x14-12x8-13x9-1414\/\" \/>\n<meta property=\"og:locale\" content=\"en_US\" \/>\n<meta property=\"og:type\" content=\"article\" \/>\n<meta property=\"og:title\" content=\"Sonor Rosewood Centennial (Gold Badge) Bop Kit de 1975-1977 18&quot;x14&quot; 12&quot;x8&quot; 13&quot;x9 14&quot;14&quot; - D\u00e9p\u00f4t Vente Batterie Percussion | Rimocc Lyon\" \/>\n<meta property=\"og:description\" content=\"Sonor Rosewood Centennial (Gold Badge) dans sa version Bop de 1975-1977 en 18&quot;x14&quot; 12&quot;x8&quot; 13&quot;x9 14&quot;14&quot;\" \/>\n<meta property=\"og:url\" content=\"https:\/\/www.rimocc.com\/en\/product\/sonor-rosewood-centennial-gold-badge-bop-kit-de-1975-1977-18x14-12x8-13x9-1414\/\" \/>\n<meta property=\"og:site_name\" content=\"D\u00e9p\u00f4t Vente Batterie Percussion | Rimocc Lyon\" \/>\n<meta property=\"article:publisher\" content=\"https:\/\/www.facebook.com\/rimocclyon\/?locale=fr_FR\" \/>\n<meta property=\"article:modified_time\" content=\"2023-09-22T16:58:15+00:00\" \/>\n<meta property=\"og:image\" content=\"https:\/\/www.rimocc.com\/wp-content\/uploads\/2023\/09\/Sonor-Phonic-Rosewood-Centennial-Gold-Badge-75_77-18_-12_-13_-14_-1.jpg\" \/>\n\t<meta property=\"og:image:width\" content=\"1920\" \/>\n\t<meta property=\"og:image:height\" content=\"1920\" \/>\n\t<meta property=\"og:image:type\" content=\"image\/jpeg\" \/>\n<meta name=\"twitter:card\" content=\"summary_large_image\" \/>\n<meta name=\"twitter:label1\" content=\"Est. reading time\" \/>\n\t<meta name=\"twitter:data1\" content=\"1 minute\" \/>\n<script type=\"application\/ld+json\" class=\"yoast-schema-graph\">{\"@context\":\"https:\\\/\\\/schema.org\",\"@graph\":[{\"@type\":\"WebPage\",\"@id\":\"https:\\\/\\\/www.rimocc.com\\\/product\\\/sonor-rosewood-centennial-gold-badge-bop-kit-de-1975-1977-18x14-12x8-13x9-1414\\\/\",\"url\":\"https:\\\/\\\/www.rimocc.com\\\/product\\\/sonor-rosewood-centennial-gold-badge-bop-kit-de-1975-1977-18x14-12x8-13x9-1414\\\/\",\"name\":\"Sonor Rosewood Centennial (Gold Badge) Bop Kit de 1975-1977 18\\\"x14\\\" 12\\\"x8\\\" 13\\\"x9 14\\\"14\\\" - D\u00e9p\u00f4t Vente Batterie Percussion | Rimocc Lyon\",\"isPartOf\":{\"@id\":\"https:\\\/\\\/www.rimocc.com\\\/#website\"},\"primaryImageOfPage\":{\"@id\":\"https:\\\/\\\/www.rimocc.com\\\/product\\\/sonor-rosewood-centennial-gold-badge-bop-kit-de-1975-1977-18x14-12x8-13x9-1414\\\/#primaryimage\"},\"image\":{\"@id\":\"https:\\\/\\\/www.rimocc.com\\\/product\\\/sonor-rosewood-centennial-gold-badge-bop-kit-de-1975-1977-18x14-12x8-13x9-1414\\\/#primaryimage\"},\"thumbnailUrl\":\"https:\\\/\\\/www.rimocc.com\\\/wp-content\\\/uploads\\\/2023\\\/09\\\/Sonor-Phonic-Rosewood-Centennial-Gold-Badge-75_77-18_-12_-13_-14_-1.jpg\",\"datePublished\":\"2023-09-15T10:46:15+00:00\",\"dateModified\":\"2023-09-22T16:58:15+00:00\",\"description\":\"Sonor Rosewood Centennial (Gold Badge) dans sa version Bop de 1975-1977 en 18\\\"x14\\\" 12\\\"x8\\\" 13\\\"x9 14\\\"14\\\"\",\"breadcrumb\":{\"@id\":\"https:\\\/\\\/www.rimocc.com\\\/product\\\/sonor-rosewood-centennial-gold-badge-bop-kit-de-1975-1977-18x14-12x8-13x9-1414\\\/#breadcrumb\"},\"inLanguage\":\"en-US\",\"potentialAction\":[{\"@type\":\"ReadAction\",\"target\":[\"https:\\\/\\\/www.rimocc.com\\\/product\\\/sonor-rosewood-centennial-gold-badge-bop-kit-de-1975-1977-18x14-12x8-13x9-1414\\\/\"]}]},{\"@type\":\"ImageObject\",\"inLanguage\":\"en-US\",\"@id\":\"https:\\\/\\\/www.rimocc.com\\\/product\\\/sonor-rosewood-centennial-gold-badge-bop-kit-de-1975-1977-18x14-12x8-13x9-1414\\\/#primaryimage\",\"url\":\"https:\\\/\\\/www.rimocc.com\\\/wp-content\\\/uploads\\\/2023\\\/09\\\/Sonor-Phonic-Rosewood-Centennial-Gold-Badge-75_77-18_-12_-13_-14_-1.jpg\",\"contentUrl\":\"https:\\\/\\\/www.rimocc.com\\\/wp-content\\\/uploads\\\/2023\\\/09\\\/Sonor-Phonic-Rosewood-Centennial-Gold-Badge-75_77-18_-12_-13_-14_-1.jpg\",\"width\":1920,\"height\":1920},{\"@type\":\"BreadcrumbList\",\"@id\":\"https:\\\/\\\/www.rimocc.com\\\/product\\\/sonor-rosewood-centennial-gold-badge-bop-kit-de-1975-1977-18x14-12x8-13x9-1414\\\/#breadcrumb\",\"itemListElement\":[{\"@type\":\"ListItem\",\"position\":1,\"name\":\"Home\",\"item\":\"https:\\\/\\\/www.rimocc.com\\\/\"},{\"@type\":\"ListItem\",\"position\":2,\"name\":\"Shop\",\"item\":\"https:\\\/\\\/www.rimocc.com\\\/shop\\\/\"},{\"@type\":\"ListItem\",\"position\":3,\"name\":\"Sonor Rosewood Centennial (Gold Badge) Bop Kit de 1975-1977 18&#8243;x14&#8243; 12&#8243;x8&#8243; 13&#8243;x9 14&#8243;14&#8243;\"}]},{\"@type\":\"WebSite\",\"@id\":\"https:\\\/\\\/www.rimocc.com\\\/#website\",\"url\":\"https:\\\/\\\/www.rimocc.com\\\/\",\"name\":\"D\u00e9p\u00f4t Vente Batterie Percussion | Rimocc Lyon\",\"description\":\"Rimocc: l&#039;unique magasin d\u00e9di\u00e9 enti\u00e8rement \u00e0 la batterie, percussion d&#039;occasion et vintage \u00e0 Lyon, France\",\"publisher\":{\"@id\":\"https:\\\/\\\/www.rimocc.com\\\/#organization\"},\"alternateName\":\"Rimocc'\",\"potentialAction\":[{\"@type\":\"SearchAction\",\"target\":{\"@type\":\"EntryPoint\",\"urlTemplate\":\"https:\\\/\\\/www.rimocc.com\\\/?s={search_term_string}\"},\"query-input\":{\"@type\":\"PropertyValueSpecification\",\"valueRequired\":true,\"valueName\":\"search_term_string\"}}],\"inLanguage\":\"en-US\"},{\"@type\":\"Organization\",\"@id\":\"https:\\\/\\\/www.rimocc.com\\\/#organization\",\"name\":\"Rimocc'\",\"alternateName\":\"Rimocc\",\"url\":\"https:\\\/\\\/www.rimocc.com\\\/\",\"logo\":{\"@type\":\"ImageObject\",\"inLanguage\":\"en-US\",\"@id\":\"https:\\\/\\\/www.rimocc.com\\\/#\\\/schema\\\/logo\\\/image\\\/\",\"url\":\"https:\\\/\\\/i0.wp.com\\\/www.rimocc.com\\\/wp-content\\\/uploads\\\/2023\\\/07\\\/RIMOCC_LOGO.jpg?fit=459%2C114&ssl=1\",\"contentUrl\":\"https:\\\/\\\/i0.wp.com\\\/www.rimocc.com\\\/wp-content\\\/uploads\\\/2023\\\/07\\\/RIMOCC_LOGO.jpg?fit=459%2C114&ssl=1\",\"width\":459,\"height\":114,\"caption\":\"Rimocc'\"},\"image\":{\"@id\":\"https:\\\/\\\/www.rimocc.com\\\/#\\\/schema\\\/logo\\\/image\\\/\"},\"sameAs\":[\"https:\\\/\\\/www.facebook.com\\\/rimocclyon\\\/?locale=fr_FR\",\"https:\\\/\\\/www.instagram.com\\\/rimoccc\\\/?hl=fr\",\"https:\\\/\\\/www.tiktok.com\\\/@rimocc\",\"https:\\\/\\\/www.youtube.com\\\/@Rimocc\"]}]}<\/script>\n<!-- \/ Yoast SEO plugin. -->","yoast_head_json":{"title":"Sonor Rosewood Centennial (Gold Badge) Bop Kit de 1975-1977 18\"x14\" 12\"x8\" 13\"x9 14\"14\" - D\u00e9p\u00f4t Vente Batterie Percussion | Rimocc Lyon","description":"Sonor Rosewood Centennial (Gold Badge) dans sa version Bop de 1975-1977 en 18\"x14\" 12\"x8\" 13\"x9 14\"14\"","robots":{"index":"index","follow":"follow","max-snippet":"max-snippet:-1","max-image-preview":"max-image-preview:large","max-video-preview":"max-video-preview:-1"},"canonical":"https:\/\/www.rimocc.com\/en\/product\/sonor-rosewood-centennial-gold-badge-bop-kit-de-1975-1977-18x14-12x8-13x9-1414\/","og_locale":"en_US","og_type":"article","og_title":"Sonor Rosewood Centennial (Gold Badge) Bop Kit de 1975-1977 18\"x14\" 12\"x8\" 13\"x9 14\"14\" - D\u00e9p\u00f4t Vente Batterie Percussion | Rimocc Lyon","og_description":"Sonor Rosewood Centennial (Gold Badge) dans sa version Bop de 1975-1977 en 18\"x14\" 12\"x8\" 13\"x9 14\"14\"","og_url":"https:\/\/www.rimocc.com\/en\/product\/sonor-rosewood-centennial-gold-badge-bop-kit-de-1975-1977-18x14-12x8-13x9-1414\/","og_site_name":"D\u00e9p\u00f4t Vente Batterie Percussion | Rimocc Lyon","article_publisher":"https:\/\/www.facebook.com\/rimocclyon\/?locale=fr_FR","article_modified_time":"2023-09-22T16:58:15+00:00","og_image":[{"width":1920,"height":1920,"url":"https:\/\/www.rimocc.com\/wp-content\/uploads\/2023\/09\/Sonor-Phonic-Rosewood-Centennial-Gold-Badge-75_77-18_-12_-13_-14_-1.jpg","type":"image\/jpeg"}],"twitter_card":"summary_large_image","twitter_misc":{"Est. reading time":"1 minute"},"schema":{"@context":"https:\/\/schema.org","@graph":[{"@type":"WebPage","@id":"https:\/\/www.rimocc.com\/product\/sonor-rosewood-centennial-gold-badge-bop-kit-de-1975-1977-18x14-12x8-13x9-1414\/","url":"https:\/\/www.rimocc.com\/product\/sonor-rosewood-centennial-gold-badge-bop-kit-de-1975-1977-18x14-12x8-13x9-1414\/","name":"Sonor Rosewood Centennial (Gold Badge) Bop Kit de 1975-1977 18\"x14\" 12\"x8\" 13\"x9 14\"14\" - D\u00e9p\u00f4t Vente Batterie Percussion | Rimocc Lyon","isPartOf":{"@id":"https:\/\/www.rimocc.com\/#website"},"primaryImageOfPage":{"@id":"https:\/\/www.rimocc.com\/product\/sonor-rosewood-centennial-gold-badge-bop-kit-de-1975-1977-18x14-12x8-13x9-1414\/#primaryimage"},"image":{"@id":"https:\/\/www.rimocc.com\/product\/sonor-rosewood-centennial-gold-badge-bop-kit-de-1975-1977-18x14-12x8-13x9-1414\/#primaryimage"},"thumbnailUrl":"https:\/\/www.rimocc.com\/wp-content\/uploads\/2023\/09\/Sonor-Phonic-Rosewood-Centennial-Gold-Badge-75_77-18_-12_-13_-14_-1.jpg","datePublished":"2023-09-15T10:46:15+00:00","dateModified":"2023-09-22T16:58:15+00:00","description":"Sonor Rosewood Centennial (Gold Badge) dans sa version Bop de 1975-1977 en 18\"x14\" 12\"x8\" 13\"x9 14\"14\"","breadcrumb":{"@id":"https:\/\/www.rimocc.com\/product\/sonor-rosewood-centennial-gold-badge-bop-kit-de-1975-1977-18x14-12x8-13x9-1414\/#breadcrumb"},"inLanguage":"en-US","potentialAction":[{"@type":"ReadAction","target":["https:\/\/www.rimocc.com\/product\/sonor-rosewood-centennial-gold-badge-bop-kit-de-1975-1977-18x14-12x8-13x9-1414\/"]}]},{"@type":"ImageObject","inLanguage":"en-US","@id":"https:\/\/www.rimocc.com\/product\/sonor-rosewood-centennial-gold-badge-bop-kit-de-1975-1977-18x14-12x8-13x9-1414\/#primaryimage","url":"https:\/\/www.rimocc.com\/wp-content\/uploads\/2023\/09\/Sonor-Phonic-Rosewood-Centennial-Gold-Badge-75_77-18_-12_-13_-14_-1.jpg","contentUrl":"https:\/\/www.rimocc.com\/wp-content\/uploads\/2023\/09\/Sonor-Phonic-Rosewood-Centennial-Gold-Badge-75_77-18_-12_-13_-14_-1.jpg","width":1920,"height":1920},{"@type":"BreadcrumbList","@id":"https:\/\/www.rimocc.com\/product\/sonor-rosewood-centennial-gold-badge-bop-kit-de-1975-1977-18x14-12x8-13x9-1414\/#breadcrumb","itemListElement":[{"@type":"ListItem","position":1,"name":"Home","item":"https:\/\/www.rimocc.com\/"},{"@type":"ListItem","position":2,"name":"Shop","item":"https:\/\/www.rimocc.com\/shop\/"},{"@type":"ListItem","position":3,"name":"Sonor Rosewood Centennial (Gold Badge) Bop Kit de 1975-1977 18&#8243;x14&#8243; 12&#8243;x8&#8243; 13&#8243;x9 14&#8243;14&#8243;"}]},{"@type":"WebSite","@id":"https:\/\/www.rimocc.com\/#website","url":"https:\/\/www.rimocc.com\/","name":"D\u00e9p\u00f4t Vente Batterie Percussion | Rimocc Lyon","description":"Rimocc: l&#039;unique magasin d\u00e9di\u00e9 enti\u00e8rement \u00e0 la batterie, percussion d&#039;occasion et vintage \u00e0 Lyon, France","publisher":{"@id":"https:\/\/www.rimocc.com\/#organization"},"alternateName":"Rimocc'","potentialAction":[{"@type":"SearchAction","target":{"@type":"EntryPoint","urlTemplate":"https:\/\/www.rimocc.com\/?s={search_term_string}"},"query-input":{"@type":"PropertyValueSpecification","valueRequired":true,"valueName":"search_term_string"}}],"inLanguage":"en-US"},{"@type":"Organization","@id":"https:\/\/www.rimocc.com\/#organization","name":"Rimocc'","alternateName":"Rimocc","url":"https:\/\/www.rimocc.com\/","logo":{"@type":"ImageObject","inLanguage":"en-US","@id":"https:\/\/www.rimocc.com\/#\/schema\/logo\/image\/","url":"https:\/\/i0.wp.com\/www.rimocc.com\/wp-content\/uploads\/2023\/07\/RIMOCC_LOGO.jpg?fit=459%2C114&ssl=1","contentUrl":"https:\/\/i0.wp.com\/www.rimocc.com\/wp-content\/uploads\/2023\/07\/RIMOCC_LOGO.jpg?fit=459%2C114&ssl=1","width":459,"height":114,"caption":"Rimocc'"},"image":{"@id":"https:\/\/www.rimocc.com\/#\/schema\/logo\/image\/"},"sameAs":["https:\/\/www.facebook.com\/rimocclyon\/?locale=fr_FR","https:\/\/www.instagram.com\/rimoccc\/?hl=fr","https:\/\/www.tiktok.com\/@rimocc","https:\/\/www.youtube.com\/@Rimocc"]}]}},"jetpack_publicize_connections":[],"jetpack_sharing_enabled":true,"_links":{"self":[{"href":"https:\/\/www.rimocc.com\/en\/wp-json\/wp\/v2\/product\/10043","targetHints":{"allow":["GET"]}}],"collection":[{"href":"https:\/\/www.rimocc.com\/en\/wp-json\/wp\/v2\/product"}],"about":[{"href":"https:\/\/www.rimocc.com\/en\/wp-json\/wp\/v2\/types\/product"}],"replies":[{"embeddable":true,"href":"https:\/\/www.rimocc.com\/en\/wp-json\/wp\/v2\/comments?post=10043"}],"wp:featuredmedia":[{"embeddable":true,"href":"https:\/\/www.rimocc.com\/en\/wp-json\/wp\/v2\/media\/10018"}],"wp:attachment":[{"href":"https:\/\/www.rimocc.com\/en\/wp-json\/wp\/v2\/media?parent=10043"}],"wp:term":[{"taxonomy":"product_brand","embeddable":true,"href":"https:\/\/www.rimocc.com\/en\/wp-json\/wp\/v2\/product_brand?post=10043"},{"taxonomy":"product_cat","embeddable":true,"href":"https:\/\/www.rimocc.com\/en\/wp-json\/wp\/v2\/product_cat?post=10043"},{"taxonomy":"product_tag","embeddable":true,"href":"https:\/\/www.rimocc.com\/en\/wp-json\/wp\/v2\/product_tag?post=10043"}],"curies":[{"name":"wp","href":"https:\/\/api.w.org\/{rel}","templated":true}]}}